{"id":521,"date":"2025-01-29T15:05:52","date_gmt":"2025-01-29T13:05:52","guid":{"rendered":"https:\/\/enigmathico.eu\/participer\/"},"modified":"2025-08-26T17:48:36","modified_gmt":"2025-08-26T15:48:36","slug":"participer","status":"publish","type":"page","link":"https:\/\/enigmathico.eu\/fr\/participer\/","title":{"rendered":"Participer"},"content":{"rendered":"<p>[et_pb_section fb_built=\u00a0\u00bb1&Prime; _builder_version=\u00a0\u00bb4.27.4&Prime; _module_preset=\u00a0\u00bbdefault\u00a0\u00bb background_color=\u00a0\u00bb#A176C4&Prime; background_image=\u00a0\u00bbhttps:\/\/enigmathico.eu\/wp-content\/uploads\/2025\/07\/sac.png\u00a0\u00bb background_size=\u00a0\u00bbcustom\u00a0\u00bb background_image_width=\u00a0\u00bb350px\u00a0\u00bb background_position=\u00a0\u00bbbottom_right\u00a0\u00bb background_horizontal_offset=\u00a0\u00bb17%\u00a0\u00bb background_vertical_offset=\u00a0\u00bb-78px\u00a0\u00bb height=\u00a0\u00bb300px\u00a0\u00bb custom_css_main_element=\u00a0\u00bbdisplay: flex;\u00a0\u00bb global_colors_info=\u00a0\u00bb{}\u00a0\u00bb][et_pb_row make_equal=\u00a0\u00bbon\u00a0\u00bb _builder_version=\u00a0\u00bb4.27.4&Prime; _module_preset=\u00a0\u00bbdefault\u00a0\u00bb custom_margin=\u00a0\u00bb||-40px||false|false\u00a0\u00bb custom_padding=\u00a0\u00bb||||false|false\u00a0\u00bb global_colors_info=\u00a0\u00bb{}\u00a0\u00bb][et_pb_column type=\u00a0\u00bb4_4&Prime; _builder_version=\u00a0\u00bb4.27.4&Prime; _module_preset=\u00a0\u00bbdefault\u00a0\u00bb global_colors_info=\u00a0\u00bb{}\u00a0\u00bb][et_pb_post_title meta=\u00a0\u00bboff\u00a0\u00bb featured_image=\u00a0\u00bboff\u00a0\u00bb _builder_version=\u00a0\u00bb4.27.4&Prime; _module_preset=\u00a0\u00bbdefault\u00a0\u00bb title_font=\u00a0\u00bb&#8211;et_global_heading_font||||||||\u00a0\u00bb title_font_size=\u00a0\u00bb3em\u00a0\u00bb global_colors_info=\u00a0\u00bb{}\u00a0\u00bb][\/et_pb_post_title][\/et_pb_column][\/et_pb_row][\/et_pb_section][et_pb_section fb_built=\u00a0\u00bb1&Prime; _builder_version=\u00a0\u00bb4.27.4&Prime; _module_preset=\u00a0\u00bbdefault\u00a0\u00bb global_colors_info=\u00a0\u00bb{}\u00a0\u00bb][et_pb_row _builder_version=\u00a0\u00bb4.27.4&Prime; _module_preset=\u00a0\u00bbdefault\u00a0\u00bb custom_padding=\u00a0\u00bb||10px||false|false\u00a0\u00bb global_colors_info=\u00a0\u00bb{}\u00a0\u00bb][et_pb_column type=\u00a0\u00bb4_4&Prime; _builder_version=\u00a0\u00bb4.27.4&Prime; _module_preset=\u00a0\u00bbdefault\u00a0\u00bb global_colors_info=\u00a0\u00bb{}\u00a0\u00bb][et_pb_text _builder_version=\u00a0\u00bb4.27.4&Prime; _module_preset=\u00a0\u00bbdefault\u00a0\u00bb max_width=\u00a0\u00bb720px\u00a0\u00bb global_colors_info=\u00a0\u00bb{}\u00a0\u00bb]<\/p>\n<p data-start=\"222\" data-end=\"456\">Bienvenue dans cet espace pens\u00e9 pour les \u00e9ducateurs. D\u00e9couvrez des outils, des conseils et des id\u00e9es pour rendre les math\u00e9matiques vivantes gr\u00e2ce au storytelling, au jeu et \u00e0 des pratiques p\u00e9dagogiques inclusives. <\/p>\n<p data-start=\"458\" data-end=\"688\">Que vos \u00e9l\u00e8ves rencontrent des difficult\u00e9s de lecture, souffrent d\u2019anxi\u00e9t\u00e9 face aux maths, ou aient simplement besoin d\u2019une nouvelle fa\u00e7on de se familiariser avec les nombres, Enigmathico vous propose des ressources innovantes et transversales pour enrichir votre enseignement au quotidien.<\/p>\n<p>[\/et_pb_text][\/et_pb_column][\/et_pb_row][et_pb_row column_structure=\u00a0\u00bb2_3,1_3&Prime; _builder_version=\u00a0\u00bb4.27.4&Prime; _module_preset=\u00a0\u00bbdefault\u00a0\u00bb custom_padding=\u00a0\u00bb10px||10px||false|false\u00a0\u00bb global_colors_info=\u00a0\u00bb{}\u00a0\u00bb][et_pb_column type=\u00a0\u00bb2_3&Prime; _builder_version=\u00a0\u00bb4.27.4&Prime; _module_preset=\u00a0\u00bbdefault\u00a0\u00bb global_colors_info=\u00a0\u00bb{}\u00a0\u00bb][et_pb_text _builder_version=\u00a0\u00bb4.27.4&Prime; _module_preset=\u00a0\u00bbdefault\u00a0\u00bb max_width=\u00a0\u00bb720px\u00a0\u00bb global_colors_info=\u00a0\u00bb{}\u00a0\u00bb]<\/p>\n<h3 data-start=\"690\" data-end=\"760\"><strong data-start=\"700\" data-end=\"760\">D\u00e9couvrez de bonnes pratiques &amp; t\u00e9l\u00e9chargez notre guide p\u00e9dagogique<\/strong><\/h3>\n<p data-start=\"783\" data-end=\"983\">L\u2019<strong data-start=\"795\" data-end=\"819\">\u00e9ducation non formelle<\/strong> peut enrichir votre pratique de l\u2019enseignement des math\u00e9matiques. Ce guide propose des outils concrets et des pistes de r\u00e9flexion pour favoriser des apprentissages inclusifs, cr\u00e9atifs et motivants. <\/p>\n<p data-start=\"985\" data-end=\"1012\">Il a \u00e9t\u00e9 con\u00e7u pour vous accompagner pour :<\/p>\n<ul data-start=\"1013\" data-end=\"1370\">\n<li data-start=\"1013\" data-end=\"1084\">\n<p data-start=\"1015\" data-end=\"1084\">mettre en \u0153uvre des p\u00e9dagogies inclusives adapt\u00e9es aux divers profils d\u2019\u00e9l\u00e8ves,<\/p>\n<\/li>\n<li data-start=\"1085\" data-end=\"1157\">\n<p data-start=\"1087\" data-end=\"1157\">int\u00e9grer le r\u00e9cit et le jeu dans vos enseignements,<\/p>\n<\/li>\n<li data-start=\"1158\" data-end=\"1214\">\n<p data-start=\"1217\" data-end=\"1289\">accompagner les \u00e9l\u00e8ves dans le d\u00e9veloppement simultan\u00e9 de leurs comp\u00e9tences en calcul et en lecture,<\/p>\n<\/li>\n<li data-start=\"1290\" data-end=\"1370\">\n<p data-start=\"1292\" data-end=\"1370\">\u00e9largir votre bo\u00eete \u00e0 outils avec des alternatives cr\u00e9atives \u00e0 l\u2019enseignement traditionnel des math\u00e9matiques.<\/p>\n<\/li>\n<\/ul>\n<p data-start=\"1372\" data-end=\"1411\">\n<p>[\/et_pb_text][\/et_pb_column][et_pb_column type=\u00a0\u00bb1_3&Prime; _builder_version=\u00a0\u00bb4.27.4&Prime; _module_preset=\u00a0\u00bbdefault\u00a0\u00bb global_colors_info=\u00a0\u00bb{}\u00a0\u00bb][et_pb_button button_url=\u00a0\u00bb@ET-DC@eyJkeW5hbWljIjp0cnVlLCJjb250ZW50IjoicG9zdF9saW5rX3VybF9wYWdlIiwic2V0dGluZ3MiOnsicG9zdF9pZCI6IjY5NCJ9fQ==@\u00a0\u00bb url_new_window=\u00a0\u00bbon\u00a0\u00bb button_text=\u00a0\u00bbEn savoir plus\u00a0\u00bb _builder_version=\u00a0\u00bb4.27.4&Prime; _dynamic_attributes=\u00a0\u00bbbutton_url\u00a0\u00bb _module_preset=\u00a0\u00bb633c2758-1d02-463f-aebe-8e5aab1417c0&Prime; locked=\u00a0\u00bboff\u00a0\u00bb global_colors_info=\u00a0\u00bb{}\u00a0\u00bb hover_enabled=\u00a0\u00bb0&Prime; sticky_enabled=\u00a0\u00bb0&Prime;][\/et_pb_button][\/et_pb_column][\/et_pb_row][et_pb_row column_structure=\u00a0\u00bb2_3,1_3&Prime; _builder_version=\u00a0\u00bb4.27.4&Prime; _module_preset=\u00a0\u00bbdefault\u00a0\u00bb custom_padding=\u00a0\u00bb10px||10px||false|false\u00a0\u00bb global_colors_info=\u00a0\u00bb{}\u00a0\u00bb][et_pb_column type=\u00a0\u00bb2_3&Prime; _builder_version=\u00a0\u00bb4.27.4&Prime; _module_preset=\u00a0\u00bbdefault\u00a0\u00bb global_colors_info=\u00a0\u00bb{}\u00a0\u00bb][et_pb_text _builder_version=\u00a0\u00bb4.27.4&Prime; _module_preset=\u00a0\u00bbdefault\u00a0\u00bb max_width=\u00a0\u00bb720px\u00a0\u00bb global_colors_info=\u00a0\u00bb{}\u00a0\u00bb]<\/p>\n<h3 data-start=\"1418\" data-end=\"1461\"><strong data-start=\"1428\" data-end=\"1461\">D\u00e9couvrez les Boxes Enigmathico<\/strong><\/h3>\n<p data-start=\"1463\" data-end=\"1817\">Chaque Box Enigmathico comprend un <strong data-start=\"1496\" data-end=\"1524\">roman interactif Enigmathico<\/strong>, <strong data-start=\"1526\" data-end=\"1556\">des jeux et outils math\u00e9matiques<\/strong>, ainsi qu\u2019un <strong data-start=\"1564\" data-end=\"1587\">dossier p\u00e9dagogique<\/strong> pour guider son utilisation en classe.<br data-start=\"1611\" data-end=\"1614\">Les ressources sont con\u00e7ues pour deux tranches d\u2019\u00e2ge (8\u201310 ans et 10\u201312 ans) et couvrent les principaux concepts math\u00e9matiques, alg\u00e8bre, mesures, g\u00e9om\u00e9trie, \u00e0 travers des d\u00e9fis ludiques inspir\u00e9s de situations du monde qui nous entoure.<\/p>\n<p>[\/et_pb_text][\/et_pb_column][et_pb_column type=\u00a0\u00bb1_3&Prime; _builder_version=\u00a0\u00bb4.27.4&Prime; _module_preset=\u00a0\u00bbdefault\u00a0\u00bb global_colors_info=\u00a0\u00bb{}\u00a0\u00bb][et_pb_button url_new_window=\u00a0\u00bbon\u00a0\u00bb button_text=\u00a0\u00bbBient\u00f4t disponible\u00a0\u00bb button_alignment=\u00a0\u00bbcenter\u00a0\u00bb _builder_version=\u00a0\u00bb4.27.4&Prime; _module_preset=\u00a0\u00bbdefault\u00a0\u00bb custom_button=\u00a0\u00bbon\u00a0\u00bb button_text_size=\u00a0\u00bb14px\u00a0\u00bb button_text_color=\u00a0\u00bb#F1F2ED\u00a0\u00bb button_bg_color=\u00a0\u00bb#161D35&Prime; button_border_radius=\u00a0\u00bb10px\u00a0\u00bb button_use_icon=\u00a0\u00bboff\u00a0\u00bb custom_padding=\u00a0\u00bb12px|20px|12px|20px|true|false\u00a0\u00bb locked=\u00a0\u00bboff\u00a0\u00bb global_colors_info=\u00a0\u00bb{}\u00a0\u00bb][\/et_pb_button][\/et_pb_column][\/et_pb_row][et_pb_row column_structure=\u00a0\u00bb2_3,1_3&Prime; _builder_version=\u00a0\u00bb4.27.4&Prime; _module_preset=\u00a0\u00bbdefault\u00a0\u00bb custom_padding=\u00a0\u00bb10px||||false|false\u00a0\u00bb global_colors_info=\u00a0\u00bb{}\u00a0\u00bb][et_pb_column type=\u00a0\u00bb2_3&Prime; _builder_version=\u00a0\u00bb4.27.4&Prime; _module_preset=\u00a0\u00bbdefault\u00a0\u00bb global_colors_info=\u00a0\u00bb{}\u00a0\u00bb][et_pb_text _builder_version=\u00a0\u00bb4.27.4&Prime; _module_preset=\u00a0\u00bbdefault\u00a0\u00bb max_width=\u00a0\u00bb720px\u00a0\u00bb global_colors_info=\u00a0\u00bb{}\u00a0\u00bb]<\/p>\n<h3 data-start=\"1863\" data-end=\"1931\"><strong data-start=\"1873\" data-end=\"1931\">Regardez nos webinaires &amp; t\u00e9l\u00e9chargez le guide de mise en \u0153uvre<\/strong><\/h3>\n<p data-start=\"1933\" data-end=\"2099\">Inspirez-vous d\u2019exp\u00e9riences concr\u00e8tes en classe et d\u00e9couvrez comment d\u2019autres enseignants utilisent Enigmathico pour \u00e9veiller la curiosit\u00e9, favoriser la collaboration et renforcer la confiance de leurs \u00e9l\u00e8ves.<\/p>\n<p data-start=\"2101\" data-end=\"2161\">Gr\u00e2ce \u00e0 nos webinaires et au Guide de mise en \u0153uvre, vous pourrez :<\/p>\n<ul data-start=\"2162\" data-end=\"2433\">\n<li data-start=\"2162\" data-end=\"2229\">\n<p data-start=\"2164\" data-end=\"2229\">utiliser Enigmathico dans votre propre contexte d\u2019enseignement,<\/p>\n<\/li>\n<li data-start=\"2230\" data-end=\"2295\">\n<p data-start=\"2232\" data-end=\"2295\">d\u00e9couvrir des t\u00e9moignages d\u2019enseignants \u00e0 travers l\u2019Europe,<\/p>\n<\/li>\n<li data-start=\"2296\" data-end=\"2356\">\n<p data-start=\"2298\" data-end=\"2356\">quelles sont les premi\u00e8res \u00e9tapes pratiques pour commencer en classe,<\/p>\n<\/li>\n<li data-start=\"2357\" data-end=\"2433\">\n<p data-start=\"2359\" data-end=\"2433\">trouver de nouvelles id\u00e9es pour int\u00e9grer le r\u00e9cit, le jeu et des pratiques p\u00e9dagogiques inclusives.<\/p>\n<\/li>\n<\/ul>\n<p>[\/et_pb_text][\/et_pb_column][et_pb_column type=\u00a0\u00bb1_3&Prime; _builder_version=\u00a0\u00bb4.27.4&Prime; _module_preset=\u00a0\u00bbdefault\u00a0\u00bb global_colors_info=\u00a0\u00bb{}\u00a0\u00bb][et_pb_button url_new_window=\u00a0\u00bbon\u00a0\u00bb button_text=\u00a0\u00bbBient\u00f4t disponible\u00a0\u00bb button_alignment=\u00a0\u00bbcenter\u00a0\u00bb _builder_version=\u00a0\u00bb4.27.4&Prime; _module_preset=\u00a0\u00bbdefault\u00a0\u00bb custom_button=\u00a0\u00bbon\u00a0\u00bb button_text_size=\u00a0\u00bb14px\u00a0\u00bb button_text_color=\u00a0\u00bb#F1F2ED\u00a0\u00bb button_bg_color=\u00a0\u00bb#161D35&Prime; button_border_radius=\u00a0\u00bb10px\u00a0\u00bb button_use_icon=\u00a0\u00bboff\u00a0\u00bb custom_padding=\u00a0\u00bb12px|20px|12px|20px|true|false\u00a0\u00bb locked=\u00a0\u00bboff\u00a0\u00bb global_colors_info=\u00a0\u00bb{}\u00a0\u00bb][\/et_pb_button][\/et_pb_column][\/et_pb_row][\/et_pb_section]<\/p>\n","protected":false},"excerpt":{"rendered":"<p>Bienvenue dans cet espace pens\u00e9 pour les \u00e9ducateurs. D\u00e9couvrez des outils, des conseils et des id\u00e9es pour rendre les math\u00e9matiques vivantes gr\u00e2ce au storytelling, au jeu et \u00e0 des pratiques p\u00e9dagogiques inclusives. Que vos \u00e9l\u00e8ves rencontrent des difficult\u00e9s de lecture, souffrent d\u2019anxi\u00e9t\u00e9 face aux maths, ou aient simplement besoin d\u2019une nouvelle fa\u00e7on de se familiariser [&hellip;]<\/p>\n","protected":false},"author":1,"featured_media":0,"parent":0,"menu_order":0,"comment_status":"closed","ping_status":"closed","template":"","meta":{"_acf_changed":false,"_et_pb_use_builder":"on","_et_pb_old_content":"","_et_gb_content_width":"","footnotes":""},"class_list":["post-521","page","type-page","status-publish","hentry"],"acf":[],"_links":{"self":[{"href":"https:\/\/enigmathico.eu\/fr\/wp-json\/wp\/v2\/pages\/521","targetHints":{"allow":["GET"]}}],"collection":[{"href":"https:\/\/enigmathico.eu\/fr\/wp-json\/wp\/v2\/pages"}],"about":[{"href":"https:\/\/enigmathico.eu\/fr\/wp-json\/wp\/v2\/types\/page"}],"author":[{"embeddable":true,"href":"https:\/\/enigmathico.eu\/fr\/wp-json\/wp\/v2\/users\/1"}],"replies":[{"embeddable":true,"href":"https:\/\/enigmathico.eu\/fr\/wp-json\/wp\/v2\/comments?post=521"}],"version-history":[{"count":3,"href":"https:\/\/enigmathico.eu\/fr\/wp-json\/wp\/v2\/pages\/521\/revisions"}],"predecessor-version":[{"id":1102,"href":"https:\/\/enigmathico.eu\/fr\/wp-json\/wp\/v2\/pages\/521\/revisions\/1102"}],"wp:attachment":[{"href":"https:\/\/enigmathico.eu\/fr\/wp-json\/wp\/v2\/media?parent=521"}],"curies":[{"name":"wp","href":"https:\/\/api.w.org\/{rel}","templated":true}]}}