{"id":546,"date":"2025-01-29T15:03:45","date_gmt":"2025-01-29T13:03:45","guid":{"rendered":"https:\/\/enigmathico.eu\/strona-glowna\/"},"modified":"2025-05-16T12:23:34","modified_gmt":"2025-05-16T10:23:34","slug":"strona-glowna","status":"publish","type":"page","link":"https:\/\/enigmathico.eu\/pl\/","title":{"rendered":"Strona g\u0142\u00f3wna"},"content":{"rendered":"<p>[et_pb_section fb_built=&#8221;1&#8243; _builder_version=&#8221;4.27.4&#8243; _module_preset=&#8221;default&#8221; overflow-x=&#8221;hidden&#8221; overflow-y=&#8221;hidden&#8221; custom_padding=&#8221;0px||0px||true|false&#8221; global_colors_info=&#8221;{}&#8221;][et_pb_row make_equal=&#8221;on&#8221; _builder_version=&#8221;4.27.4&#8243; _module_preset=&#8221;default&#8221; width=&#8221;100%&#8221; max_width=&#8221;none&#8221; min_height=&#8221;100vh&#8221; custom_padding=&#8221;0px||0px||true|false&#8221; custom_css_before=&#8221;content: &#8221;;||position: absolute;||width: 645px;||height: 500px;||right: calc(50vw + 400px);||top: calc(50% &#8211; 250px);||visibility: visible;||background: url(&#8217;https:\/\/enigmathico.eu\/wp-content\/uploads\/2025\/01\/pattern.png&#8217;) center\/contain no-repeat;&#8221; custom_css_after=&#8221;content: &#8221;;||position: absolute;||width: 645px;||height: 500px;||left: calc(50vw + 400px);||top: calc(50% &#8211; 250px);||visibility: visible;||background: url(&#8217;https:\/\/enigmathico.eu\/wp-content\/uploads\/2025\/01\/pattern.png&#8217;) center\/contain no-repeat;&#8221; global_colors_info=&#8221;{}&#8221;][et_pb_column type=&#8221;4_4&#8243; _builder_version=&#8221;4.27.4&#8243; _module_preset=&#8221;default&#8221; custom_css_main_element=&#8221;padding: 100px 0;||display: flex;||flex-direction: column;||justify-content: center;&#8221; global_colors_info=&#8221;{}&#8221;][et_pb_image src=&#8221;https:\/\/enigmathico.eu\/wp-content\/uploads\/2025\/01\/enigmathico.png&#8221; alt=&#8221;Enigmathico&#8221; title_text=&#8221;enigmathico&#8221; align=&#8221;center&#8221; _builder_version=&#8221;4.27.4&#8243; _module_preset=&#8221;default&#8221; max_width=&#8221;620px&#8221; custom_margin=&#8221;||0px||false|false&#8221; global_colors_info=&#8221;{}&#8221;][\/et_pb_image][et_pb_text _builder_version=&#8221;4.27.4&#8243; _module_preset=&#8221;default&#8221; text_font_size=&#8221;1.5rem&#8221; text_line_height=&#8221;1.51em&#8221; text_orientation=&#8221;center&#8221; max_width=&#8221;620px&#8221; module_alignment=&#8221;center&#8221; global_colors_info=&#8221;{}&#8221;]<\/p>\n<p>Enigmathico to innowacyjny europejski projekt edukacyjny, kt\u00f3ry zmienia nauk\u0119 matematyki we wsp\u00f3ln\u0105 przygod\u0119.<\/p>\n<p>[\/et_pb_text][et_pb_code _builder_version=&#8221;4.27.4&#8243; _module_preset=&#8221;default&#8221; background_image=&#8221;https:\/\/enigmathico.eu\/wp-content\/uploads\/2025\/01\/figures.png&#8221; background_size=&#8221;contain&#8221; positioning=&#8221;absolute&#8221; position_origin_a=&#8221;bottom_center&#8221; vertical_offset=&#8221;-2px&#8221; width=&#8221;300px&#8221; height=&#8221;67px&#8221; global_colors_info=&#8221;{}&#8221;][\/et_pb_code][\/et_pb_column][\/et_pb_row][et_pb_row column_structure=&#8221;1_2,1_2&#8243; make_equal=&#8221;on&#8221; _builder_version=&#8221;4.27.4&#8243; _module_preset=&#8221;67d197d4-5736-40fb-af39-7de4d469176d&#8221; custom_padding=&#8221;0px||0px||true|false&#8221; border_width_top=&#8221;1px&#8221; border_color_top=&#8221;rgba(22,29,53,0.4)&#8221; global_colors_info=&#8221;{}&#8221;][et_pb_column type=&#8221;1_2&#8243; _builder_version=&#8221;4.27.4&#8243; _module_preset=&#8221;default&#8221; global_colors_info=&#8221;{}&#8221;][et_pb_code _builder_version=&#8221;4.27.4&#8243; _module_preset=&#8221;default&#8221; background_image=&#8221;https:\/\/enigmathico.eu\/wp-content\/uploads\/2025\/01\/guides-2.png&#8221; min_height=&#8221;450px&#8221; height=&#8221;100%&#8221; background_last_edited=&#8221;on|tablet&#8221; background_size_tablet=&#8221;contain&#8221; global_colors_info=&#8221;{}&#8221;][\/et_pb_code][\/et_pb_column][et_pb_column type=&#8221;1_2&#8243; module_class=&#8221;home-body__text&#8221; _builder_version=&#8221;4.27.4&#8243; _module_preset=&#8221;default&#8221; custom_padding=&#8221;60px||60px||true|false&#8221; global_colors_info=&#8221;{}&#8221;][et_pb_text _builder_version=&#8221;4.27.4&#8243; _module_preset=&#8221;default&#8221; header_2_font_size=&#8221;1.88rem&#8221; header_2_line_height=&#8221;1.5em&#8221; global_colors_info=&#8221;{}&#8221;]<\/p>\n<h2>Pude\u0142ka EnigMathico zawieraj\u0105 wyj\u0105tkowe historie, kt\u00f3re przygotowuj\u0105 grunt pod matematyczne przygody.<\/h2>\n<p>Te wci\u0105gaj\u0105ce narracje przekszta\u0142caj\u0105 abstrakcyjne poj\u0119cia matematyczne w rzeczywiste misje, nadaj\u0105c nauce sens.<\/p>\n<p>[\/et_pb_text][\/et_pb_column][\/et_pb_row][et_pb_row column_structure=&#8221;1_2,1_2&#8243; make_equal=&#8221;on&#8221; _builder_version=&#8221;4.27.4&#8243; _module_preset=&#8221;default&#8221; custom_padding=&#8221;0px||0px||true|false&#8221; border_width_top=&#8221;1px&#8221; border_color_top=&#8221;rgba(22,29,53,0.4)&#8221; global_colors_info=&#8221;{}&#8221;][et_pb_column type=&#8221;1_2&#8243; module_class=&#8221;home-body__text&#8221; _builder_version=&#8221;4.27.4&#8243; _module_preset=&#8221;default&#8221; custom_padding=&#8221;60px||60px||true|false&#8221; global_colors_info=&#8221;{}&#8221;][et_pb_code disabled_on=&#8221;off|off|on&#8221; _builder_version=&#8221;4.27.4&#8243; _module_preset=&#8221;default&#8221; background_image=&#8221;https:\/\/enigmathico.eu\/wp-content\/uploads\/2025\/01\/games-2.png&#8221; min_height=&#8221;450px&#8221; height=&#8221;100%&#8221; background_last_edited=&#8221;on|phone&#8221; background_size_tablet=&#8221;contain&#8221; global_colors_info=&#8221;{}&#8221;][\/et_pb_code][et_pb_text _builder_version=&#8221;4.27.4&#8243; _module_preset=&#8221;default&#8221; header_2_font_size=&#8221;1.88rem&#8221; header_2_line_height=&#8221;1.5em&#8221; global_colors_info=&#8221;{}&#8221;]<\/p>\n<h2>Uczniowie staj\u0105 si\u0119 bohaterami na czas trwania historii.<\/h2>\n<p>Wzmacniaj\u0105 swoje umiej\u0119tno\u015bci logicznego i krytycznego my\u015blenia, rozwi\u0105zuj\u0105c matematyczne \u0142amig\u0142\u00f3wki i wyzwania.<\/p>\n<p>[\/et_pb_text][\/et_pb_column][et_pb_column type=&#8221;1_2&#8243; _builder_version=&#8221;4.27.4&#8243; _module_preset=&#8221;default&#8221; global_colors_info=&#8221;{}&#8221;][et_pb_code disabled_on=&#8221;on|on|off&#8221; _builder_version=&#8221;4.27.4&#8243; _module_preset=&#8221;default&#8221; background_image=&#8221;https:\/\/enigmathico.eu\/wp-content\/uploads\/2025\/01\/games-2.png&#8221; min_height=&#8221;450px&#8221; height=&#8221;100%&#8221; background_last_edited=&#8221;on|phone&#8221; background_size_tablet=&#8221;contain&#8221; global_colors_info=&#8221;{}&#8221;][\/et_pb_code][\/et_pb_column][\/et_pb_row][et_pb_row column_structure=&#8221;1_2,1_2&#8243; make_equal=&#8221;on&#8221; _builder_version=&#8221;4.27.4&#8243; _module_preset=&#8221;default&#8221; custom_padding=&#8221;0px||0px||true|false&#8221; border_width_top=&#8221;1px&#8221; border_color_top=&#8221;rgba(22,29,53,0.4)&#8221; global_colors_info=&#8221;{}&#8221;][et_pb_column type=&#8221;1_2&#8243; _builder_version=&#8221;4.27.4&#8243; _module_preset=&#8221;default&#8221; global_colors_info=&#8221;{}&#8221;][et_pb_code _builder_version=&#8221;4.27.4&#8243; _module_preset=&#8221;default&#8221; background_image=&#8221;https:\/\/enigmathico.eu\/wp-content\/uploads\/2025\/01\/webinars-2.png&#8221; min_height=&#8221;450px&#8221; height=&#8221;100%&#8221; background_last_edited=&#8221;on|tablet&#8221; background_size_tablet=&#8221;contain&#8221; global_colors_info=&#8221;{}&#8221;][\/et_pb_code][\/et_pb_column][et_pb_column type=&#8221;1_2&#8243; module_class=&#8221;home-body__text&#8221; _builder_version=&#8221;4.27.4&#8243; _module_preset=&#8221;default&#8221; custom_padding=&#8221;60px||60px||true|false&#8221; global_colors_info=&#8221;{}&#8221;][et_pb_text _builder_version=&#8221;4.27.4&#8243; _module_preset=&#8221;default&#8221; header_2_font_size=&#8221;1.88rem&#8221; header_2_line_height=&#8221;1.5em&#8221; hover_enabled=&#8221;0&#8243; global_colors_info=&#8221;{}&#8221; sticky_enabled=&#8221;0&#8243;]<\/p>\n<h2>Uczniowie<br \/>staj\u0105 si\u0119 bohaterami przygody.<\/h2>\n<p>Wzmacniaj\u0105 swoje umiej\u0119tno\u015bci logicznego i krytycznego my\u015blenia, rozwi\u0105zuj\u0105c matematyczne \u0142amig\u0142\u00f3wki i wyzwania.<\/p>\n<p>[\/et_pb_text][\/et_pb_column][\/et_pb_row][et_pb_row _builder_version=&#8221;4.27.4&#8243; _module_preset=&#8221;default&#8221; custom_padding=&#8221;0px||0px||true|false&#8221; border_width_top=&#8221;1px&#8221; border_color_top=&#8221;rgba(22,29,53,0.4)&#8221; global_colors_info=&#8221;{}&#8221;][et_pb_column type=&#8221;4_4&#8243; _builder_version=&#8221;4.27.4&#8243; _module_preset=&#8221;default&#8221; custom_css_main_element=&#8221;padding: 60px 0 100px;&#8221; global_colors_info=&#8221;{}&#8221;][et_pb_text _builder_version=&#8221;4.27.4&#8243; _module_preset=&#8221;default&#8221; header_2_font_size=&#8221;1.88rem&#8221; header_2_line_height=&#8221;1.5em&#8221; text_orientation=&#8221;center&#8221; global_colors_info=&#8221;{}&#8221;]<\/p>\n<h2>Pude\u0142ka<\/h2>\n<p>[\/et_pb_text][et_pb_code _builder_version=&#8221;4.27.4&#8243; _module_preset=&#8221;default&#8221; background_image=&#8221;https:\/\/enigmathico.eu\/wp-content\/uploads\/2025\/01\/operators.png&#8221; background_size=&#8221;contain&#8221; positioning=&#8221;absolute&#8221; position_origin_a=&#8221;bottom_left&#8221; vertical_offset=&#8221;-3.5px&#8221; width=&#8221;450px&#8221; height=&#8221;50px&#8221; global_colors_info=&#8221;{}&#8221;][\/et_pb_code][\/et_pb_column][\/et_pb_row][et_pb_row _builder_version=&#8221;4.27.4&#8243; _module_preset=&#8221;default&#8221; border_width_top=&#8221;1px&#8221; border_color_top=&#8221;rgba(22,29,53,0.4)&#8221; global_colors_info=&#8221;{}&#8221;][et_pb_column type=&#8221;4_4&#8243; _builder_version=&#8221;4.27.4&#8243; _module_preset=&#8221;default&#8221; global_colors_info=&#8221;{}&#8221;][et_pb_text _builder_version=&#8221;4.27.4&#8243; _module_preset=&#8221;default&#8221; header_2_font_size=&#8221;1.88rem&#8221; header_2_line_height=&#8221;1.5em&#8221; text_orientation=&#8221;center&#8221; global_colors_info=&#8221;{}&#8221;]<\/p>\n<h2>Partnerzy<\/h2>\n<p>[\/et_pb_text][\/et_pb_column][\/et_pb_row][et_pb_row module_class=&#8221;home-partners__logos&#8221; _builder_version=&#8221;4.27.4&#8243; _module_preset=&#8221;default&#8221; global_colors_info=&#8221;{}&#8221;][et_pb_column type=&#8221;4_4&#8243; _builder_version=&#8221;4.27.4&#8243; _module_preset=&#8221;default&#8221; global_colors_info=&#8221;{}&#8221;][et_pb_image src=&#8221;https:\/\/enigmathico.eu\/wp-content\/uploads\/2025\/01\/les-apprimeurs.png&#8221; title_text=&#8221;les-apprimeurs&#8221; _builder_version=&#8221;4.27.4&#8243; _module_preset=&#8221;default&#8221; global_colors_info=&#8221;{}&#8221;][\/et_pb_image][et_pb_image src=&#8221;https:\/\/enigmathico.eu\/wp-content\/uploads\/2025\/01\/fermat-science.png&#8221; title_text=&#8221;fermat-science&#8221; _builder_version=&#8221;4.27.4&#8243; _module_preset=&#8221;default&#8221; global_colors_info=&#8221;{}&#8221;][\/et_pb_image][et_pb_image src=&#8221;https:\/\/enigmathico.eu\/wp-content\/uploads\/2025\/01\/egle.png&#8221; title_text=&#8221;egle&#8221; module_class=&#8221;m&#8211;egle&#8221; _builder_version=&#8221;4.27.4&#8243; _module_preset=&#8221;default&#8221; global_colors_info=&#8221;{}&#8221;][\/et_pb_image][et_pb_image src=&#8221;https:\/\/enigmathico.eu\/wp-content\/uploads\/2025\/01\/szkola-podstawowa_fundacji-szkolnej.png&#8221; title_text=&#8221;szkola-podstawowa_fundacji-szkolnej&#8221; _builder_version=&#8221;4.27.4&#8243; _module_preset=&#8221;default&#8221; global_colors_info=&#8221;{}&#8221;][\/et_pb_image][et_pb_image src=&#8221;https:\/\/enigmathico.eu\/wp-content\/uploads\/2025\/01\/take-ionescu.png&#8221; title_text=&#8221;take-ionescu&#8221; _builder_version=&#8221;4.27.4&#8243; _module_preset=&#8221;default&#8221; global_colors_info=&#8221;{}&#8221;][\/et_pb_image][et_pb_image src=&#8221;https:\/\/enigmathico.eu\/wp-content\/uploads\/2025\/01\/17th-primary-school-of-kavala_greece.png&#8221; title_text=&#8221;17th-primary-school-of-kavala_greece&#8221; module_class=&#8221;m&#8211;kavala&#8221; _builder_version=&#8221;4.27.4&#8243; _module_preset=&#8221;default&#8221; global_colors_info=&#8221;{}&#8221;][\/et_pb_image][\/et_pb_column][\/et_pb_row][\/et_pb_section]<\/p>\n","protected":false},"excerpt":{"rendered":"<p>Enigmathico to innowacyjny europejski projekt edukacyjny, kt\u00f3ry zmienia nauk\u0119 matematyki we wsp\u00f3ln\u0105 przygod\u0119.Pude\u0142ka EnigMathico zawieraj\u0105 wyj\u0105tkowe historie, kt\u00f3re przygotowuj\u0105 grunt pod matematyczne przygody. Te wci\u0105gaj\u0105ce narracje przekszta\u0142caj\u0105 abstrakcyjne poj\u0119cia matematyczne w rzeczywiste misje, nadaj\u0105c nauce sens.Uczniowie staj\u0105 si\u0119 bohaterami na czas trwania historii. Wzmacniaj\u0105 swoje umiej\u0119tno\u015bci logicznego i krytycznego my\u015blenia, rozwi\u0105zuj\u0105c matematyczne \u0142amig\u0142\u00f3wki i wyzwania.Uczniowiestaj\u0105 [&hellip;]<\/p>\n","protected":false},"author":1,"featured_media":0,"parent":0,"menu_order":0,"comment_status":"closed","ping_status":"closed","template":"","meta":{"_acf_changed":false,"_et_pb_use_builder":"on","_et_pb_old_content":"","_et_gb_content_width":"","footnotes":""},"class_list":["post-546","page","type-page","status-publish","hentry"],"acf":[],"_links":{"self":[{"href":"https:\/\/enigmathico.eu\/pl\/wp-json\/wp\/v2\/pages\/546","targetHints":{"allow":["GET"]}}],"collection":[{"href":"https:\/\/enigmathico.eu\/pl\/wp-json\/wp\/v2\/pages"}],"about":[{"href":"https:\/\/enigmathico.eu\/pl\/wp-json\/wp\/v2\/types\/page"}],"author":[{"embeddable":true,"href":"https:\/\/enigmathico.eu\/pl\/wp-json\/wp\/v2\/users\/1"}],"replies":[{"embeddable":true,"href":"https:\/\/enigmathico.eu\/pl\/wp-json\/wp\/v2\/comments?post=546"}],"version-history":[{"count":2,"href":"https:\/\/enigmathico.eu\/pl\/wp-json\/wp\/v2\/pages\/546\/revisions"}],"predecessor-version":[{"id":548,"href":"https:\/\/enigmathico.eu\/pl\/wp-json\/wp\/v2\/pages\/546\/revisions\/548"}],"wp:attachment":[{"href":"https:\/\/enigmathico.eu\/pl\/wp-json\/wp\/v2\/media?parent=546"}],"curies":[{"name":"wp","href":"https:\/\/api.w.org\/{rel}","templated":true}]}}