{"id":555,"date":"2025-01-29T15:05:52","date_gmt":"2025-01-29T13:05:52","guid":{"rendered":"https:\/\/enigmathico.eu\/uczestnicz\/"},"modified":"2025-10-31T12:02:00","modified_gmt":"2025-10-31T10:02:00","slug":"uczestnicz","status":"publish","type":"page","link":"https:\/\/enigmathico.eu\/pl\/uczestnicz\/","title":{"rendered":"Uczestnicz"},"content":{"rendered":"<p>[et_pb_section fb_built=&#8221;1&#8243; _builder_version=&#8221;4.27.4&#8243; _module_preset=&#8221;default&#8221; background_color=&#8221;#A176C4&#8243; background_image=&#8221;https:\/\/enigmathico.eu\/wp-content\/uploads\/2025\/07\/sac.png&#8221; background_size=&#8221;custom&#8221; background_image_width=&#8221;350px&#8221; background_position=&#8221;bottom_right&#8221; background_horizontal_offset=&#8221;17%&#8221; background_vertical_offset=&#8221;-78px&#8221; height=&#8221;300px&#8221; custom_css_main_element=&#8221;display: flex;&#8221; global_colors_info=&#8221;{}&#8221;][et_pb_row make_equal=&#8221;on&#8221; _builder_version=&#8221;4.27.4&#8243; _module_preset=&#8221;default&#8221; custom_margin=&#8221;||-40px||false|false&#8221; custom_padding=&#8221;||||false|false&#8221; global_colors_info=&#8221;{}&#8221;][et_pb_column type=&#8221;4_4&#8243; _builder_version=&#8221;4.27.4&#8243; _module_preset=&#8221;default&#8221; global_colors_info=&#8221;{}&#8221;][et_pb_post_title meta=&#8221;off&#8221; featured_image=&#8221;off&#8221; _builder_version=&#8221;4.27.4&#8243; _module_preset=&#8221;default&#8221; title_font=&#8221;&#8211;et_global_heading_font||||||||&#8221; title_font_size=&#8221;3em&#8221; global_colors_info=&#8221;{}&#8221;][\/et_pb_post_title][\/et_pb_column][\/et_pb_row][\/et_pb_section][et_pb_section fb_built=&#8221;1&#8243; _builder_version=&#8221;4.27.4&#8243; _module_preset=&#8221;default&#8221; global_colors_info=&#8221;{}&#8221;][et_pb_row _builder_version=&#8221;4.27.4&#8243; _module_preset=&#8221;default&#8221; custom_padding=&#8221;||10px||false|false&#8221; global_colors_info=&#8221;{}&#8221;][et_pb_column type=&#8221;4_4&#8243; _builder_version=&#8221;4.27.4&#8243; _module_preset=&#8221;default&#8221; global_colors_info=&#8221;{}&#8221;][et_pb_text _builder_version=&#8221;4.27.4&#8243; _module_preset=&#8221;default&#8221; max_width=&#8221;720px&#8221; global_colors_info=&#8221;{}&#8221;]<\/p>\n<p data-start=\"222\" data-end=\"456\">Witamy w przestrzeni dedykowanej nauczycielom!<br \/>Znajdziesz tu narz\u0119dzia, wskaz\u00f3wki i inspiracje, kt\u00f3re pomog\u0105 Ci o\u017cywi\u0107 matematyk\u0119 poprzez opowie\u015bci, zabaw\u0119 i inkluzywne metody nauczania. <\/p>\n<p data-start=\"458\" data-end=\"688\">Niezale\u017cnie od tego, czy pracujesz z uczniami maj\u0105cymi trudno\u015bci w czytaniu, do\u015bwiadczaj\u0105cymi l\u0119ku przed matematyk\u0105, czy po prostu potrzebuj\u0105cymi nowego sposobu nawi\u0105zywania relacji z liczbami \u2014 Enigmathico oferuje innowacyjne, mi\u0119dzyprzedmiotowe zasoby, kt\u00f3re wspieraj\u0105 Ci\u0119 na ka\u017cdym etapie Twojej nauczycielskiej podr\u00f3\u017cy.<\/p>\n<p>[\/et_pb_text][\/et_pb_column][\/et_pb_row][et_pb_row column_structure=&#8221;2_3,1_3&#8243; _builder_version=&#8221;4.27.4&#8243; _module_preset=&#8221;default&#8221; custom_padding=&#8221;10px||10px||false|false&#8221; global_colors_info=&#8221;{}&#8221;][et_pb_column type=&#8221;2_3&#8243; _builder_version=&#8221;4.27.4&#8243; _module_preset=&#8221;default&#8221; global_colors_info=&#8221;{}&#8221;][et_pb_text _builder_version=&#8221;4.27.4&#8243; _module_preset=&#8221;default&#8221; max_width=&#8221;720px&#8221; global_colors_info=&#8221;{}&#8221;]<\/p>\n<h3 data-start=\"690\" data-end=\"760\"><strong data-start=\"700\" data-end=\"760\">Poznaj dobre praktyki i pobierz przewodnik pedagogiczny<\/strong><\/h3>\n<p data-start=\"783\" data-end=\"983\">Odkryj, w jaki spos\u00f3b <strong data-start=\"795\" data-end=\"819\">edukacja nieformalna<\/strong> mo\u017ce wzbogaci\u0107 Twoj\u0105 praktyk\u0119 nauczania matematyki. Ten przewodnik zawiera konkretne narz\u0119dzia i refleksyjne wskaz\u00f3wki, kt\u00f3re pomog\u0105 Ci tworzy\u0107 inkluzjne, kreatywne i anga\u017cuj\u0105ce do\u015bwiadczenia edukacyjne. <\/p>\n<p data-start=\"985\" data-end=\"1012\">Zosta\u0142 on opracowany, aby pom\u00f3c Ci:<\/p>\n<ul data-start=\"1013\" data-end=\"1370\">\n<li data-start=\"1013\" data-end=\"1084\">\n<p data-start=\"1015\" data-end=\"1084\">Wdra\u017ca\u0107 inkluzyjne metody nauczania, dostosowane do zr\u00f3\u017cnicowanych potrzeb uczni\u00f3w,<\/p>\n<\/li>\n<li data-start=\"1085\" data-end=\"1157\">\n<p data-start=\"1087\" data-end=\"1157\">W\u0142\u0105cza\u0107 elementy opowie\u015bci i gry do lekcji matematyki i j\u0119zyka,<\/p>\n<\/li>\n<li data-start=\"1158\" data-end=\"1214\">\n<p data-start=\"1217\" data-end=\"1289\">Wspiera\u0107 uczni\u00f3w w rozwijaniu umiej\u0119tno\u015bci matematycznych i j\u0119zykowych jednocze\u015bnie,<\/p>\n<\/li>\n<li data-start=\"1290\" data-end=\"1370\">\n<p data-start=\"1292\" data-end=\"1370\">Rozszerzy\u0107 sw\u00f3j warsztat dydaktyczny o kreatywne alternatywy dla tradycyjnego nauczania matematyki.<\/p>\n<\/li>\n<\/ul>\n<p data-start=\"1372\" data-end=\"1411\">\n<p>[\/et_pb_text][\/et_pb_column][et_pb_column type=&#8221;1_3&#8243; _builder_version=&#8221;4.27.4&#8243; _module_preset=&#8221;default&#8221; global_colors_info=&#8221;{}&#8221;][et_pb_button button_url=&#8221;@ET-DC@eyJkeW5hbWljIjp0cnVlLCJjb250ZW50IjoicG9zdF9saW5rX3VybF9wYWdlIiwic2V0dGluZ3MiOnsicG9zdF9pZCI6IjY5NCJ9fQ==@&#8221; url_new_window=&#8221;on&#8221; button_text=&#8221;Dowiedz si\u0119 wi\u0119cej&#8221; _builder_version=&#8221;4.27.4&#8243; _dynamic_attributes=&#8221;button_url&#8221; _module_preset=&#8221;633c2758-1d02-463f-aebe-8e5aab1417c0&#8243; locked=&#8221;off&#8221; global_colors_info=&#8221;{}&#8221; hover_enabled=&#8221;0&#8243; sticky_enabled=&#8221;0&#8243;][\/et_pb_button][\/et_pb_column][\/et_pb_row][et_pb_row column_structure=&#8221;2_3,1_3&#8243; _builder_version=&#8221;4.27.4&#8243; _module_preset=&#8221;default&#8221; custom_padding=&#8221;10px||10px||false|false&#8221; global_colors_info=&#8221;{}&#8221;][et_pb_column type=&#8221;2_3&#8243; _builder_version=&#8221;4.27.4&#8243; _module_preset=&#8221;default&#8221; global_colors_info=&#8221;{}&#8221;][et_pb_text _builder_version=&#8221;4.27.4&#8243; _module_preset=&#8221;default&#8221; max_width=&#8221;720px&#8221; global_colors_info=&#8221;{}&#8221;]<\/p>\n<h3 data-start=\"1418\" data-end=\"1461\"><strong data-start=\"1428\" data-end=\"1461\">Odkryj zestawy Enigmathico<\/strong><\/h3>\n<p data-start=\"1463\" data-end=\"1817\">Ka\u017cdy zestaw Enigmathico Box zawiera <strong data-start=\"1496\" data-end=\"1524\">Interaktywn\u0105 Powie\u015b\u0107 Enigma,<\/strong> <strong data-start=\"1526\" data-end=\"1556\">gry i narz\u0119dzia oparte na matematyce<\/strong> oraz <strong data-start=\"1564\" data-end=\"1587\">dossier pedagogiczne<\/strong>, kt\u00f3re wspiera nauczycieli w wykorzystaniu materia\u0142\u00f3w podczas zaj\u0119\u0107.<br data-start=\"1611\" data-end=\"1614\">Zasoby zosta\u0142y opracowane dla dw\u00f3ch grup wiekowych (8\u201310 oraz 10\u201312 lat) i obejmuj\u0105 kluczowe obszary matematyki \u2013 liczby, miary, geometri\u0119 \u2013 poprzez zabawne, mi\u0119dzyprzedmiotowe wyzwania inspirowane rzeczywistymi tematami.<\/p>\n<p>[\/et_pb_text][\/et_pb_column][et_pb_column type=&#8221;1_3&#8243; _builder_version=&#8221;4.27.4&#8243; _module_preset=&#8221;default&#8221; global_colors_info=&#8221;{}&#8221;][et_pb_button url_new_window=&#8221;on&#8221; button_text=&#8221;Wkr\u00f3tce&#8221; button_alignment=&#8221;center&#8221; _builder_version=&#8221;4.27.4&#8243; _module_preset=&#8221;default&#8221; custom_button=&#8221;on&#8221; button_text_size=&#8221;14px&#8221; button_text_color=&#8221;#F1F2ED&#8221; button_bg_color=&#8221;#161D35&#8243; button_border_radius=&#8221;10px&#8221; button_use_icon=&#8221;off&#8221; custom_padding=&#8221;12px|20px|12px|20px|true|false&#8221; locked=&#8221;off&#8221; global_colors_info=&#8221;{}&#8221;][\/et_pb_button][\/et_pb_column][\/et_pb_row][et_pb_row column_structure=&#8221;2_3,1_3&#8243; _builder_version=&#8221;4.27.4&#8243; _module_preset=&#8221;default&#8221; custom_padding=&#8221;10px||||false|false&#8221; global_colors_info=&#8221;{}&#8221;][et_pb_column type=&#8221;2_3&#8243; _builder_version=&#8221;4.27.4&#8243; _module_preset=&#8221;default&#8221; global_colors_info=&#8221;{}&#8221;][et_pb_text _builder_version=&#8221;4.27.4&#8243; _module_preset=&#8221;default&#8221; max_width=&#8221;720px&#8221; global_colors_info=&#8221;{}&#8221;]<\/p>\n<h3 data-start=\"1863\" data-end=\"1931\"><strong data-start=\"1873\" data-end=\"1931\">Obejrzyj nasze webinaria i pobierz przewodnik wdro\u017ceniowy<\/strong><\/h3>\n<p data-start=\"1933\" data-end=\"2099\">Zainspiruj si\u0119 rzeczywistymi do\u015bwiadczeniami z klas i odkryj, w jaki spos\u00f3b inni nauczyciele wykorzystuj\u0105 Enigmathico, aby rozwija\u0107 ciekawo\u015b\u0107, wsp\u00f3\u0142prac\u0119 i pewno\u015b\u0107 siebie swoich uczni\u00f3w.<\/p>\n<p data-start=\"2101\" data-end=\"2161\">Dzi\u0119ki naszym webinariom i Przewodnikowi wdro\u017ceniowemu dowiesz si\u0119, jak:<\/p>\n<ul data-start=\"2162\" data-end=\"2433\">\n<li data-start=\"2162\" data-end=\"2229\">\n<p data-start=\"2164\" data-end=\"2229\">Wprowadzi\u0107 Enigmathico w swoim kontek\u015bcie nauczania,<\/p>\n<\/li>\n<li data-start=\"2230\" data-end=\"2295\">\n<p data-start=\"2232\" data-end=\"2295\">Pozna\u0107 historie i strategie innych nauczycieli z ca\u0142ej Europy,<\/p>\n<\/li>\n<li data-start=\"2296\" data-end=\"2356\">\n<p data-start=\"2298\" data-end=\"2356\">Odkry\u0107 praktyczne pierwsze kroki i sprawdzone wskaz\u00f3wki do pracy w klasie,<\/p>\n<\/li>\n<li data-start=\"2357\" data-end=\"2433\">\n<p data-start=\"2359\" data-end=\"2433\">Zdoby\u0107 nowe pomys\u0142y na integrowanie opowie\u015bci, gier i inkluzyjnych metod dydaktycznych.<\/p>\n<\/li>\n<\/ul>\n<p>[\/et_pb_text][\/et_pb_column][et_pb_column type=&#8221;1_3&#8243; _builder_version=&#8221;4.27.4&#8243; _module_preset=&#8221;default&#8221; global_colors_info=&#8221;{}&#8221;][et_pb_button url_new_window=&#8221;on&#8221; button_text=&#8221;Wkr\u00f3tce&#8221; button_alignment=&#8221;center&#8221; _builder_version=&#8221;4.27.4&#8243; _module_preset=&#8221;default&#8221; custom_button=&#8221;on&#8221; button_text_size=&#8221;14px&#8221; button_text_color=&#8221;#F1F2ED&#8221; button_bg_color=&#8221;#161D35&#8243; button_border_radius=&#8221;10px&#8221; button_use_icon=&#8221;off&#8221; custom_padding=&#8221;12px|20px|12px|20px|true|false&#8221; locked=&#8221;off&#8221; global_colors_info=&#8221;{}&#8221;][\/et_pb_button][\/et_pb_column][\/et_pb_row][\/et_pb_section]<\/p>\n","protected":false},"excerpt":{"rendered":"<p>Witamy w przestrzeni dedykowanej nauczycielom!Znajdziesz tu narz\u0119dzia, wskaz\u00f3wki i inspiracje, kt\u00f3re pomog\u0105 Ci o\u017cywi\u0107 matematyk\u0119 poprzez opowie\u015bci, zabaw\u0119 i inkluzywne metody nauczania. Niezale\u017cnie od tego, czy pracujesz z uczniami maj\u0105cymi trudno\u015bci w czytaniu, do\u015bwiadczaj\u0105cymi l\u0119ku przed matematyk\u0105, czy po prostu potrzebuj\u0105cymi nowego sposobu nawi\u0105zywania relacji z liczbami \u2014 Enigmathico oferuje innowacyjne, mi\u0119dzyprzedmiotowe zasoby, kt\u00f3re wspieraj\u0105 [&hellip;]<\/p>\n","protected":false},"author":1,"featured_media":0,"parent":0,"menu_order":0,"comment_status":"closed","ping_status":"closed","template":"","meta":{"_acf_changed":false,"_et_pb_use_builder":"on","_et_pb_old_content":"","_et_gb_content_width":"","footnotes":""},"class_list":["post-555","page","type-page","status-publish","hentry"],"acf":[],"_links":{"self":[{"href":"https:\/\/enigmathico.eu\/pl\/wp-json\/wp\/v2\/pages\/555","targetHints":{"allow":["GET"]}}],"collection":[{"href":"https:\/\/enigmathico.eu\/pl\/wp-json\/wp\/v2\/pages"}],"about":[{"href":"https:\/\/enigmathico.eu\/pl\/wp-json\/wp\/v2\/types\/page"}],"author":[{"embeddable":true,"href":"https:\/\/enigmathico.eu\/pl\/wp-json\/wp\/v2\/users\/1"}],"replies":[{"embeddable":true,"href":"https:\/\/enigmathico.eu\/pl\/wp-json\/wp\/v2\/comments?post=555"}],"version-history":[{"count":6,"href":"https:\/\/enigmathico.eu\/pl\/wp-json\/wp\/v2\/pages\/555\/revisions"}],"predecessor-version":[{"id":1160,"href":"https:\/\/enigmathico.eu\/pl\/wp-json\/wp\/v2\/pages\/555\/revisions\/1160"}],"wp:attachment":[{"href":"https:\/\/enigmathico.eu\/pl\/wp-json\/wp\/v2\/media?parent=555"}],"curies":[{"name":"wp","href":"https:\/\/api.w.org\/{rel}","templated":true}]}}