{"id":524,"date":"2025-01-29T15:03:45","date_gmt":"2025-01-29T13:03:45","guid":{"rendered":"https:\/\/enigmathico.eu\/acasa\/"},"modified":"2025-05-13T15:36:59","modified_gmt":"2025-05-13T13:36:59","slug":"acasa","status":"publish","type":"page","link":"https:\/\/enigmathico.eu\/ro\/","title":{"rendered":"Acas\u0103"},"content":{"rendered":"<p>[et_pb_section fb_built=&#8221;1&#8243; _builder_version=&#8221;4.27.4&#8243; _module_preset=&#8221;default&#8221; overflow-x=&#8221;hidden&#8221; overflow-y=&#8221;hidden&#8221; custom_padding=&#8221;0px||0px||true|false&#8221; global_colors_info=&#8221;{}&#8221;][et_pb_row make_equal=&#8221;on&#8221; _builder_version=&#8221;4.27.4&#8243; _module_preset=&#8221;default&#8221; width=&#8221;100%&#8221; max_width=&#8221;none&#8221; min_height=&#8221;100vh&#8221; custom_padding=&#8221;0px||0px||true|false&#8221; custom_css_before=&#8221;content: &#8221;;||position: absolute;||width: 645px;||height: 500px;||right: calc(50vw + 400px);||top: calc(50% &#8211; 250px);||visibility: visible;||background: url(&#8216;https:\/\/enigmathico.eu\/wp-content\/uploads\/2025\/01\/pattern.png&#8217;) center\/contain no-repeat;&#8221; custom_css_after=&#8221;content: &#8221;;||position: absolute;||width: 645px;||height: 500px;||left: calc(50vw + 400px);||top: calc(50% &#8211; 250px);||visibility: visible;||background: url(&#8216;https:\/\/enigmathico.eu\/wp-content\/uploads\/2025\/01\/pattern.png&#8217;) center\/contain no-repeat;&#8221; global_colors_info=&#8221;{}&#8221;][et_pb_column type=&#8221;4_4&#8243; _builder_version=&#8221;4.27.4&#8243; _module_preset=&#8221;default&#8221; custom_css_main_element=&#8221;padding: 100px 0;||display: flex;||flex-direction: column;||justify-content: center;&#8221; global_colors_info=&#8221;{}&#8221;][et_pb_image src=&#8221;https:\/\/enigmathico.eu\/wp-content\/uploads\/2025\/01\/enigmathico.png&#8221; alt=&#8221;Enigmathico&#8221; title_text=&#8221;enigmathico&#8221; align=&#8221;center&#8221; _builder_version=&#8221;4.27.4&#8243; _module_preset=&#8221;default&#8221; max_width=&#8221;620px&#8221; custom_margin=&#8221;||0px||false|false&#8221; global_colors_info=&#8221;{}&#8221;][\/et_pb_image][et_pb_text _builder_version=&#8221;4.27.4&#8243; _module_preset=&#8221;default&#8221; text_font_size=&#8221;1.5rem&#8221; text_line_height=&#8221;1.51em&#8221; text_orientation=&#8221;center&#8221; max_width=&#8221;620px&#8221; module_alignment=&#8221;center&#8221; global_colors_info=&#8221;{}&#8221;]<\/p>\n<p>Enigmathico este un proiect educa\u021bional european inovator care transform\u0103 \u00eenv\u0103\u021barea matematicii \u00eentr-o aventur\u0103 colaborativ\u0103.<\/p>\n<p>[\/et_pb_text][et_pb_code _builder_version=&#8221;4.27.4&#8243; _module_preset=&#8221;default&#8221; background_image=&#8221;https:\/\/enigmathico.eu\/wp-content\/uploads\/2025\/01\/figures.png&#8221; background_size=&#8221;contain&#8221; positioning=&#8221;absolute&#8221; position_origin_a=&#8221;bottom_center&#8221; vertical_offset=&#8221;-2px&#8221; width=&#8221;300px&#8221; height=&#8221;67px&#8221; global_colors_info=&#8221;{}&#8221;][\/et_pb_code][\/et_pb_column][\/et_pb_row][et_pb_row column_structure=&#8221;1_2,1_2&#8243; make_equal=&#8221;on&#8221; _builder_version=&#8221;4.27.4&#8243; _module_preset=&#8221;67d197d4-5736-40fb-af39-7de4d469176d&#8221; custom_padding=&#8221;0px||0px||true|false&#8221; border_width_top=&#8221;1px&#8221; border_color_top=&#8221;rgba(22,29,53,0.4)&#8221; global_colors_info=&#8221;{}&#8221;][et_pb_column type=&#8221;1_2&#8243; _builder_version=&#8221;4.27.4&#8243; _module_preset=&#8221;default&#8221; global_colors_info=&#8221;{}&#8221;][et_pb_code _builder_version=&#8221;4.27.4&#8243; _module_preset=&#8221;default&#8221; background_image=&#8221;https:\/\/enigmathico.eu\/wp-content\/uploads\/2025\/01\/guides-2.png&#8221; min_height=&#8221;450px&#8221; height=&#8221;100%&#8221; background_last_edited=&#8221;on|tablet&#8221; background_size_tablet=&#8221;contain&#8221; global_colors_info=&#8221;{}&#8221;][\/et_pb_code][\/et_pb_column][et_pb_column type=&#8221;1_2&#8243; module_class=&#8221;home-body__text&#8221; _builder_version=&#8221;4.27.4&#8243; _module_preset=&#8221;default&#8221; custom_padding=&#8221;60px||60px||true|false&#8221; global_colors_info=&#8221;{}&#8221;][et_pb_text _builder_version=&#8221;4.27.4&#8243; _module_preset=&#8221;default&#8221; header_2_font_size=&#8221;1.88rem&#8221; header_2_line_height=&#8221;1.5em&#8221; global_colors_info=&#8221;{}&#8221;]<\/p>\n<h2>Cutiile EnigMathico con\u021bin pove\u0219ti unice care preg\u0103tesc terenul pentru aventuri bazate pe matematic\u0103.<\/h2>\n<p>Aceste nara\u021biuni imersive transform\u0103 conceptele abstracte de matematic\u0103 \u00een misiuni din lumea real\u0103, f\u0103c\u00e2nd \u00eenv\u0103\u021barea semnificativ\u0103.<\/p>\n<p>[\/et_pb_text][\/et_pb_column][\/et_pb_row][et_pb_row column_structure=&#8221;1_2,1_2&#8243; make_equal=&#8221;on&#8221; _builder_version=&#8221;4.27.4&#8243; _module_preset=&#8221;default&#8221; custom_padding=&#8221;0px||0px||true|false&#8221; border_width_top=&#8221;1px&#8221; border_color_top=&#8221;rgba(22,29,53,0.4)&#8221; global_colors_info=&#8221;{}&#8221;][et_pb_column type=&#8221;1_2&#8243; module_class=&#8221;home-body__text&#8221; _builder_version=&#8221;4.27.4&#8243; _module_preset=&#8221;default&#8221; custom_padding=&#8221;60px||60px||true|false&#8221; global_colors_info=&#8221;{}&#8221;][et_pb_code disabled_on=&#8221;off|off|on&#8221; _builder_version=&#8221;4.27.4&#8243; _module_preset=&#8221;default&#8221; background_image=&#8221;https:\/\/enigmathico.eu\/wp-content\/uploads\/2025\/01\/games-2.png&#8221; min_height=&#8221;450px&#8221; height=&#8221;100%&#8221; background_last_edited=&#8221;on|phone&#8221; background_size_tablet=&#8221;contain&#8221; global_colors_info=&#8221;{}&#8221;][\/et_pb_code][et_pb_text _builder_version=&#8221;4.27.4&#8243; _module_preset=&#8221;default&#8221; header_2_font_size=&#8221;1.88rem&#8221; header_2_line_height=&#8221;1.5em&#8221; global_colors_info=&#8221;{}&#8221;]<\/p>\n<h2>Elevii devin eroii unei aventuri<\/h2>\n<p>\u00ce\u0219i consolideaz\u0103 abilit\u0103\u021bile de g\u00e2ndire logic\u0103 \u0219i critic\u0103 prin rezolvarea de ghicitori \u0219i provoc\u0103ri matematice.<\/p>\n<p>[\/et_pb_text][\/et_pb_column][et_pb_column type=&#8221;1_2&#8243; _builder_version=&#8221;4.27.4&#8243; _module_preset=&#8221;default&#8221; global_colors_info=&#8221;{}&#8221;][et_pb_code disabled_on=&#8221;on|on|off&#8221; _builder_version=&#8221;4.27.4&#8243; _module_preset=&#8221;default&#8221; background_image=&#8221;https:\/\/enigmathico.eu\/wp-content\/uploads\/2025\/01\/games-2.png&#8221; min_height=&#8221;450px&#8221; height=&#8221;100%&#8221; background_last_edited=&#8221;on|phone&#8221; background_size_tablet=&#8221;contain&#8221; global_colors_info=&#8221;{}&#8221;][\/et_pb_code][\/et_pb_column][\/et_pb_row][et_pb_row column_structure=&#8221;1_2,1_2&#8243; make_equal=&#8221;on&#8221; _builder_version=&#8221;4.27.4&#8243; _module_preset=&#8221;default&#8221; custom_padding=&#8221;0px||0px||true|false&#8221; border_width_top=&#8221;1px&#8221; border_color_top=&#8221;rgba(22,29,53,0.4)&#8221; global_colors_info=&#8221;{}&#8221;][et_pb_column type=&#8221;1_2&#8243; _builder_version=&#8221;4.27.4&#8243; _module_preset=&#8221;default&#8221; global_colors_info=&#8221;{}&#8221;][et_pb_code _builder_version=&#8221;4.27.4&#8243; _module_preset=&#8221;default&#8221; background_image=&#8221;https:\/\/enigmathico.eu\/wp-content\/uploads\/2025\/01\/webinars-2.png&#8221; min_height=&#8221;450px&#8221; height=&#8221;100%&#8221; background_last_edited=&#8221;on|tablet&#8221; background_size_tablet=&#8221;contain&#8221; global_colors_info=&#8221;{}&#8221;][\/et_pb_code][\/et_pb_column][et_pb_column type=&#8221;1_2&#8243; module_class=&#8221;home-body__text&#8221; _builder_version=&#8221;4.27.4&#8243; _module_preset=&#8221;default&#8221; custom_padding=&#8221;60px||60px||true|false&#8221; global_colors_info=&#8221;{}&#8221;][et_pb_text _builder_version=&#8221;4.27.4&#8243; _module_preset=&#8221;default&#8221; header_2_font_size=&#8221;1.88rem&#8221; header_2_line_height=&#8221;1.5em&#8221; hover_enabled=&#8221;0&#8243; global_colors_info=&#8221;{}&#8221; sticky_enabled=&#8221;0&#8243;]<\/p>\n<h2>Profesori?<br \/>V\u0103 punem la dispozi\u021bie diverse resurse asociate cu cutiile.<\/h2>\n<p>Studii de caz, ghiduri didactice \u0219i seminarii web pentru a integra gamificarea \u00een predarea matematicii.<\/p>\n<p>[\/et_pb_text][\/et_pb_column][\/et_pb_row][et_pb_row _builder_version=&#8221;4.27.4&#8243; _module_preset=&#8221;default&#8221; custom_padding=&#8221;0px||0px||true|false&#8221; border_width_top=&#8221;1px&#8221; border_color_top=&#8221;rgba(22,29,53,0.4)&#8221; global_colors_info=&#8221;{}&#8221;][et_pb_column type=&#8221;4_4&#8243; _builder_version=&#8221;4.27.4&#8243; _module_preset=&#8221;default&#8221; custom_css_main_element=&#8221;padding: 60px 0 100px;&#8221; global_colors_info=&#8221;{}&#8221;][et_pb_text _builder_version=&#8221;4.27.4&#8243; _module_preset=&#8221;default&#8221; header_2_font_size=&#8221;1.88rem&#8221; header_2_line_height=&#8221;1.5em&#8221; text_orientation=&#8221;center&#8221; global_colors_info=&#8221;{}&#8221;]<\/p>\n<h2>Cutiil<\/h2>\n<p>[\/et_pb_text][et_pb_code _builder_version=&#8221;4.27.4&#8243; _module_preset=&#8221;default&#8221; background_image=&#8221;https:\/\/enigmathico.eu\/wp-content\/uploads\/2025\/01\/operators.png&#8221; background_size=&#8221;contain&#8221; positioning=&#8221;absolute&#8221; position_origin_a=&#8221;bottom_left&#8221; vertical_offset=&#8221;-3.5px&#8221; width=&#8221;450px&#8221; height=&#8221;50px&#8221; global_colors_info=&#8221;{}&#8221;][\/et_pb_code][\/et_pb_column][\/et_pb_row][et_pb_row _builder_version=&#8221;4.27.4&#8243; _module_preset=&#8221;default&#8221; border_width_top=&#8221;1px&#8221; border_color_top=&#8221;rgba(22,29,53,0.4)&#8221; global_colors_info=&#8221;{}&#8221;][et_pb_column type=&#8221;4_4&#8243; _builder_version=&#8221;4.27.4&#8243; _module_preset=&#8221;default&#8221; global_colors_info=&#8221;{}&#8221;][et_pb_text _builder_version=&#8221;4.27.4&#8243; _module_preset=&#8221;default&#8221; header_2_font_size=&#8221;1.88rem&#8221; header_2_line_height=&#8221;1.5em&#8221; text_orientation=&#8221;center&#8221; global_colors_info=&#8221;{}&#8221;]<\/p>\n<h2>Parteneri<\/h2>\n<p>[\/et_pb_text][\/et_pb_column][\/et_pb_row][et_pb_row module_class=&#8221;home-partners__logos&#8221; _builder_version=&#8221;4.27.4&#8243; _module_preset=&#8221;default&#8221; global_colors_info=&#8221;{}&#8221;][et_pb_column type=&#8221;4_4&#8243; _builder_version=&#8221;4.27.4&#8243; _module_preset=&#8221;default&#8221; global_colors_info=&#8221;{}&#8221;][et_pb_image src=&#8221;https:\/\/enigmathico.eu\/wp-content\/uploads\/2025\/01\/les-apprimeurs.png&#8221; title_text=&#8221;les-apprimeurs&#8221; _builder_version=&#8221;4.27.4&#8243; _module_preset=&#8221;default&#8221; global_colors_info=&#8221;{}&#8221;][\/et_pb_image][et_pb_image src=&#8221;https:\/\/enigmathico.eu\/wp-content\/uploads\/2025\/01\/fermat-science.png&#8221; title_text=&#8221;fermat-science&#8221; _builder_version=&#8221;4.27.4&#8243; _module_preset=&#8221;default&#8221; global_colors_info=&#8221;{}&#8221;][\/et_pb_image][et_pb_image src=&#8221;https:\/\/enigmathico.eu\/wp-content\/uploads\/2025\/01\/egle.png&#8221; title_text=&#8221;egle&#8221; module_class=&#8221;m&#8211;egle&#8221; _builder_version=&#8221;4.27.4&#8243; _module_preset=&#8221;default&#8221; global_colors_info=&#8221;{}&#8221;][\/et_pb_image][et_pb_image src=&#8221;https:\/\/enigmathico.eu\/wp-content\/uploads\/2025\/01\/szkola-podstawowa_fundacji-szkolnej.png&#8221; title_text=&#8221;szkola-podstawowa_fundacji-szkolnej&#8221; _builder_version=&#8221;4.27.4&#8243; _module_preset=&#8221;default&#8221; global_colors_info=&#8221;{}&#8221;][\/et_pb_image][et_pb_image src=&#8221;https:\/\/enigmathico.eu\/wp-content\/uploads\/2025\/01\/take-ionescu.png&#8221; title_text=&#8221;take-ionescu&#8221; _builder_version=&#8221;4.27.4&#8243; _module_preset=&#8221;default&#8221; global_colors_info=&#8221;{}&#8221;][\/et_pb_image][et_pb_image src=&#8221;https:\/\/enigmathico.eu\/wp-content\/uploads\/2025\/01\/17th-primary-school-of-kavala_greece.png&#8221; title_text=&#8221;a 17-a \u0219coal\u0103 primar\u0103 din kavala_grecia&#8221; module_class=&#8221;m&#8211;kavala&#8221; _builder_version=&#8221;4.27.4&#8243; _module_preset=&#8221;default&#8221; global_colors_info=&#8221;{}&#8221;][\/et_pb_image][\/et_pb_column][\/et_pb_row][\/et_pb_section]<\/p>\n","protected":false},"excerpt":{"rendered":"<p>Enigmathico este un proiect educa\u021bional european inovator care transform\u0103 \u00eenv\u0103\u021barea matematicii \u00eentr-o aventur\u0103 colaborativ\u0103.Cutiile EnigMathico con\u021bin pove\u0219ti unice care preg\u0103tesc terenul pentru aventuri bazate pe matematic\u0103. Aceste nara\u021biuni imersive transform\u0103 conceptele abstracte de matematic\u0103 \u00een misiuni din lumea real\u0103, f\u0103c\u00e2nd \u00eenv\u0103\u021barea semnificativ\u0103.Elevii devin eroii unei aventuri \u00ce\u0219i consolideaz\u0103 abilit\u0103\u021bile de g\u00e2ndire logic\u0103 \u0219i critic\u0103 prin [&hellip;]<\/p>\n","protected":false},"author":1,"featured_media":0,"parent":0,"menu_order":0,"comment_status":"closed","ping_status":"closed","template":"","meta":{"_acf_changed":false,"_et_pb_use_builder":"on","_et_pb_old_content":"","_et_gb_content_width":"","footnotes":""},"class_list":["post-524","page","type-page","status-publish","hentry"],"acf":[],"_links":{"self":[{"href":"https:\/\/enigmathico.eu\/ro\/wp-json\/wp\/v2\/pages\/524","targetHints":{"allow":["GET"]}}],"collection":[{"href":"https:\/\/enigmathico.eu\/ro\/wp-json\/wp\/v2\/pages"}],"about":[{"href":"https:\/\/enigmathico.eu\/ro\/wp-json\/wp\/v2\/types\/page"}],"author":[{"embeddable":true,"href":"https:\/\/enigmathico.eu\/ro\/wp-json\/wp\/v2\/users\/1"}],"replies":[{"embeddable":true,"href":"https:\/\/enigmathico.eu\/ro\/wp-json\/wp\/v2\/comments?post=524"}],"version-history":[{"count":2,"href":"https:\/\/enigmathico.eu\/ro\/wp-json\/wp\/v2\/pages\/524\/revisions"}],"predecessor-version":[{"id":526,"href":"https:\/\/enigmathico.eu\/ro\/wp-json\/wp\/v2\/pages\/524\/revisions\/526"}],"wp:attachment":[{"href":"https:\/\/enigmathico.eu\/ro\/wp-json\/wp\/v2\/media?parent=524"}],"curies":[{"name":"wp","href":"https:\/\/api.w.org\/{rel}","templated":true}]}}