{"id":527,"date":"2025-01-29T15:06:14","date_gmt":"2025-01-29T13:06:14","guid":{"rendered":"https:\/\/enigmathico.eu\/contact\/"},"modified":"2025-08-26T17:03:28","modified_gmt":"2025-08-26T15:03:28","slug":"contact","status":"publish","type":"page","link":"https:\/\/enigmathico.eu\/ro\/contact\/","title":{"rendered":"Contact"},"content":{"rendered":"<p>[et_pb_section fb_built=&#8221;1&#8243; _builder_version=&#8221;4.27.4&#8243; _module_preset=&#8221;default&#8221; background_color=&#8221;#FF6529&#8243; background_image=&#8221;https:\/\/enigmathico.eu\/wp-content\/uploads\/2025\/07\/turbine.png&#8221; background_size=&#8221;custom&#8221; background_image_width=&#8221;394px&#8221; background_position=&#8221;bottom_right&#8221; background_horizontal_offset=&#8221;17%&#8221; background_vertical_offset=&#8221;100%&#8221; height=&#8221;300px&#8221; custom_css_main_element=&#8221;display: flex;&#8221; global_colors_info=&#8221;{}&#8221;][et_pb_row make_equal=&#8221;on&#8221; _builder_version=&#8221;4.27.4&#8243; _module_preset=&#8221;default&#8221; custom_margin=&#8221;||-40px||false|false&#8221; custom_padding=&#8221;||||false|false&#8221; global_colors_info=&#8221;{}&#8221;][et_pb_column type=&#8221;4_4&#8243; _builder_version=&#8221;4.27.4&#8243; _module_preset=&#8221;default&#8221; global_colors_info=&#8221;{}&#8221;][et_pb_post_title meta=&#8221;off&#8221; featured_image=&#8221;off&#8221; _builder_version=&#8221;4.27.4&#8243; _module_preset=&#8221;default&#8221; title_font=&#8221;&#8211;et_global_heading_font||||||||&#8221; title_font_size=&#8221;3em&#8221; global_colors_info=&#8221;{}&#8221;][\/et_pb_post_title][\/et_pb_column][\/et_pb_row][\/et_pb_section][et_pb_section fb_built=&#8221;1&#8243; _builder_version=&#8221;4.27.4&#8243; _module_preset=&#8221;default&#8221; global_colors_info=&#8221;{}&#8221;][et_pb_row _builder_version=&#8221;4.27.4&#8243; _module_preset=&#8221;default&#8221; global_colors_info=&#8221;{}&#8221;][et_pb_column type=&#8221;4_4&#8243; _builder_version=&#8221;4.27.4&#8243; _module_preset=&#8221;default&#8221; global_colors_info=&#8221;{}&#8221;][et_pb_text _builder_version=&#8221;4.27.4&#8243; _module_preset=&#8221;default&#8221; global_colors_info=&#8221;{}&#8221;]<\/p>\n<p><span>Dori\u021bi mai multe informa\u021bii?<\/span><\/p>\n<p><span>Vorbim englez\u0103, francez\u0103, polonez\u0103, greac\u0103 \u0219i rom\u00e2n\u0103! <br \/>Dori\u021bi s\u0103 afla\u021bi mai multe despre acest proiect sau s\u0103 ne trimite\u021bi comentariile dumneavoastr\u0103 \u2764\ufe0f? <br \/>S\u0103 lua\u021bi parte \u00een calitate de profesor sau formator? <br \/>Sau s\u0103 testa\u021bi cutiile noastre cu elevii dumneavoastr\u0103?<br \/>Trimite\u021bi-ne un mesaj \u2709\ufe0f!<\/span><\/p>\n<p>[\/et_pb_text][et_pb_contact_form submit_button_text=&#8221;Trimite\u021bi&#8221; _builder_version=&#8221;4.27.4&#8243; _module_preset=&#8221;default&#8221; _unique_id=&#8221;d34c8a2b-7dc6-4d5f-9006-99c339b96a7f&#8221; form_field_background_color=&#8221;#F1F2ED&#8221; form_field_text_color=&#8221;#161D35&#8243; form_field_focus_background_color=&#8221;#F1F2ED&#8221; form_field_focus_text_color=&#8221;#161D35&#8243; custom_button=&#8221;on&#8221; button_text_size=&#8221;14px&#8221; button_text_color=&#8221;#F1F2ED&#8221; button_bg_color=&#8221;#161D35&#8243; button_border_radius=&#8221;10px&#8221; button_letter_spacing=&#8221;0px&#8221; button_use_icon=&#8221;off&#8221; button_custom_padding=&#8221;12px|20px|12px|20px|false|false&#8221; hover_enabled=&#8221;0&#8243; border_width_bottom=&#8221;2px&#8221; border_color_bottom=&#8221;#161D35&#8243; global_colors_info=&#8221;{}&#8221; success_message=&#8221;Mesajul dvs. a fost trimis. V\u0103 vom r\u0103spunde \u00een cel mai scurt timp! &#8221; sticky_enabled=&#8221;0&#8243; max_width=&#8221;720px&#8221; custom_css_free_form=&#8221;.et_contact_bottom_container {||    float: left;||  \tpadding: 0 0 0 3%;||    text-align: center;||    display: block !important;||  \tflex-direction: column;||}||||.et_pb_contact_right {||  \tfloat: left;||    text-align: left;||    display: block !important;||}||||.et_contact_bottom_container button {||\twidth: 100%;||\tmargin: 15px 0;||}||&#8221; captcha=&#8221;off&#8221;][et_pb_contact_field field_id=&#8221;Name&#8221; field_title=&#8221;Nume&#8221; _builder_version=&#8221;4.27.4&#8243; hover_enabled=&#8221;0&#8243; global_colors_info=&#8221;{}&#8221; button_text_size__hover_enabled=&#8221;off&#8221; button_one_text_size__hover_enabled=&#8221;off&#8221; button_two_text_size__hover_enabled=&#8221;off&#8221; button_text_color__hover_enabled=&#8221;off&#8221; button_one_text_color__hover_enabled=&#8221;off&#8221; button_two_text_color__hover_enabled=&#8221;off&#8221; button_border_width__hover_enabled=&#8221;off&#8221; button_one_border_width__hover_enabled=&#8221;off&#8221; button_two_border_width__hover_enabled=&#8221;off&#8221; button_border_color__hover_enabled=&#8221;off&#8221; button_one_border_color__hover_enabled=&#8221;off&#8221; button_two_border_color__hover_enabled=&#8221;off&#8221; button_border_radius__hover_enabled=&#8221;off&#8221; button_one_border_radius__hover_enabled=&#8221;off&#8221; button_two_border_radius__hover_enabled=&#8221;off&#8221; button_letter_spacing__hover_enabled=&#8221;off&#8221; button_one_letter_spacing__hover_enabled=&#8221;off&#8221; button_two_letter_spacing__hover_enabled=&#8221;off&#8221; button_bg_color__hover_enabled=&#8221;off&#8221; button_one_bg_color__hover_enabled=&#8221;off&#8221; button_two_bg_color__hover_enabled=&#8221;off&#8221; sticky_enabled=&#8221;0&#8243; fullwidth_field=&#8221;on&#8221;][\/et_pb_contact_field][et_pb_contact_field field_id=&#8221;Email&#8221; field_title=&#8221;Adres\u0103 de e-mail&#8221; field_type=&#8221;email&#8221; _builder_version=&#8221;4.27.4&#8243; hover_enabled=&#8221;0&#8243; global_colors_info=&#8221;{}&#8221; button_text_size__hover_enabled=&#8221;off&#8221; button_one_text_size__hover_enabled=&#8221;off&#8221; button_two_text_size__hover_enabled=&#8221;off&#8221; button_text_color__hover_enabled=&#8221;off&#8221; button_one_text_color__hover_enabled=&#8221;off&#8221; button_two_text_color__hover_enabled=&#8221;off&#8221; button_border_width__hover_enabled=&#8221;off&#8221; button_one_border_width__hover_enabled=&#8221;off&#8221; button_two_border_width__hover_enabled=&#8221;off&#8221; button_border_color__hover_enabled=&#8221;off&#8221; button_one_border_color__hover_enabled=&#8221;off&#8221; button_two_border_color__hover_enabled=&#8221;off&#8221; button_border_radius__hover_enabled=&#8221;off&#8221; button_one_border_radius__hover_enabled=&#8221;off&#8221; button_two_border_radius__hover_enabled=&#8221;off&#8221; button_letter_spacing__hover_enabled=&#8221;off&#8221; button_one_letter_spacing__hover_enabled=&#8221;off&#8221; button_two_letter_spacing__hover_enabled=&#8221;off&#8221; button_bg_color__hover_enabled=&#8221;off&#8221; button_one_bg_color__hover_enabled=&#8221;off&#8221; button_two_bg_color__hover_enabled=&#8221;off&#8221; fullwidth_field=&#8221;on&#8221; sticky_enabled=&#8221;0&#8243;][\/et_pb_contact_field][et_pb_contact_field field_id=&#8221;Message&#8221; field_title=&#8221;Mesaj&#8221; field_type=&#8221;text&#8221; fullwidth_field=&#8221;on&#8221; _builder_version=&#8221;4.27.4&#8243; hover_enabled=&#8221;0&#8243; global_colors_info=&#8221;{}&#8221; button_text_size__hover_enabled=&#8221;off&#8221; button_one_text_size__hover_enabled=&#8221;off&#8221; button_two_text_size__hover_enabled=&#8221;off&#8221; button_text_color__hover_enabled=&#8221;off&#8221; button_one_text_color__hover_enabled=&#8221;off&#8221; button_two_text_color__hover_enabled=&#8221;off&#8221; button_border_width__hover_enabled=&#8221;off&#8221; button_one_border_width__hover_enabled=&#8221;off&#8221; button_two_border_width__hover_enabled=&#8221;off&#8221; button_border_color__hover_enabled=&#8221;off&#8221; button_one_border_color__hover_enabled=&#8221;off&#8221; button_two_border_color__hover_enabled=&#8221;off&#8221; button_border_radius__hover_enabled=&#8221;off&#8221; button_one_border_radius__hover_enabled=&#8221;off&#8221; button_two_border_radius__hover_enabled=&#8221;off&#8221; button_letter_spacing__hover_enabled=&#8221;off&#8221; button_one_letter_spacing__hover_enabled=&#8221;off&#8221; button_two_letter_spacing__hover_enabled=&#8221;off&#8221; button_bg_color__hover_enabled=&#8221;off&#8221; button_one_bg_color__hover_enabled=&#8221;off&#8221; button_two_bg_color__hover_enabled=&#8221;off&#8221; sticky_enabled=&#8221;0&#8243;][\/et_pb_contact_field][\/et_pb_contact_form][\/et_pb_column][\/et_pb_row][\/et_pb_section]<\/p>\n","protected":false},"excerpt":{"rendered":"<p>Dori\u021bi mai multe informa\u021bii? Vorbim englez\u0103, francez\u0103, polonez\u0103, greac\u0103 \u0219i rom\u00e2n\u0103! Dori\u021bi s\u0103 afla\u021bi mai multe despre acest proiect sau s\u0103 ne trimite\u021bi comentariile dumneavoastr\u0103 \u2764\ufe0f? S\u0103 lua\u021bi parte \u00een calitate de profesor sau formator? Sau s\u0103 testa\u021bi cutiile noastre cu elevii dumneavoastr\u0103?Trimite\u021bi-ne un mesaj \u2709\ufe0f!<\/p>\n","protected":false},"author":1,"featured_media":0,"parent":0,"menu_order":0,"comment_status":"closed","ping_status":"closed","template":"","meta":{"_acf_changed":false,"_et_pb_use_builder":"on","_et_pb_old_content":"","_et_gb_content_width":"","footnotes":""},"class_list":["post-527","page","type-page","status-publish","hentry"],"acf":[],"_links":{"self":[{"href":"https:\/\/enigmathico.eu\/ro\/wp-json\/wp\/v2\/pages\/527","targetHints":{"allow":["GET"]}}],"collection":[{"href":"https:\/\/enigmathico.eu\/ro\/wp-json\/wp\/v2\/pages"}],"about":[{"href":"https:\/\/enigmathico.eu\/ro\/wp-json\/wp\/v2\/types\/page"}],"author":[{"embeddable":true,"href":"https:\/\/enigmathico.eu\/ro\/wp-json\/wp\/v2\/users\/1"}],"replies":[{"embeddable":true,"href":"https:\/\/enigmathico.eu\/ro\/wp-json\/wp\/v2\/comments?post=527"}],"version-history":[{"count":3,"href":"https:\/\/enigmathico.eu\/ro\/wp-json\/wp\/v2\/pages\/527\/revisions"}],"predecessor-version":[{"id":1085,"href":"https:\/\/enigmathico.eu\/ro\/wp-json\/wp\/v2\/pages\/527\/revisions\/1085"}],"wp:attachment":[{"href":"https:\/\/enigmathico.eu\/ro\/wp-json\/wp\/v2\/media?parent=527"}],"curies":[{"name":"wp","href":"https:\/\/api.w.org\/{rel}","templated":true}]}}