{"id":530,"date":"2025-01-29T15:05:52","date_gmt":"2025-01-29T13:05:52","guid":{"rendered":"https:\/\/enigmathico.eu\/participati\/"},"modified":"2025-08-26T18:01:42","modified_gmt":"2025-08-26T16:01:42","slug":"participati","status":"publish","type":"page","link":"https:\/\/enigmathico.eu\/ro\/participati\/","title":{"rendered":"Participa\u021bi"},"content":{"rendered":"<p>[et_pb_section fb_built=&#8221;1&#8243; _builder_version=&#8221;4.27.4&#8243; _module_preset=&#8221;default&#8221; background_color=&#8221;#A176C4&#8243; background_image=&#8221;https:\/\/enigmathico.eu\/wp-content\/uploads\/2025\/07\/sac.png&#8221; background_size=&#8221;custom&#8221; background_image_width=&#8221;350px&#8221; background_position=&#8221;bottom_right&#8221; background_horizontal_offset=&#8221;17%&#8221; background_vertical_offset=&#8221;-78px&#8221; height=&#8221;300px&#8221; custom_css_main_element=&#8221;display: flex;&#8221; global_colors_info=&#8221;{}&#8221;][et_pb_row make_equal=&#8221;on&#8221; _builder_version=&#8221;4.27.4&#8243; _module_preset=&#8221;default&#8221; custom_margin=&#8221;||-40px||false|false&#8221; custom_padding=&#8221;||||false|false&#8221; global_colors_info=&#8221;{}&#8221;][et_pb_column type=&#8221;4_4&#8243; _builder_version=&#8221;4.27.4&#8243; _module_preset=&#8221;default&#8221; global_colors_info=&#8221;{}&#8221;][et_pb_post_title meta=&#8221;off&#8221; featured_image=&#8221;off&#8221; _builder_version=&#8221;4.27.4&#8243; _module_preset=&#8221;default&#8221; title_font=&#8221;&#8211;et_global_heading_font||||||||&#8221; title_font_size=&#8221;3em&#8221; global_colors_info=&#8221;{}&#8221;][\/et_pb_post_title][\/et_pb_column][\/et_pb_row][\/et_pb_section][et_pb_section fb_built=&#8221;1&#8243; _builder_version=&#8221;4.27.4&#8243; _module_preset=&#8221;default&#8221; global_colors_info=&#8221;{}&#8221;][et_pb_row _builder_version=&#8221;4.27.4&#8243; _module_preset=&#8221;default&#8221; custom_padding=&#8221;||10px||false|false&#8221; global_colors_info=&#8221;{}&#8221;][et_pb_column type=&#8221;4_4&#8243; _builder_version=&#8221;4.27.4&#8243; _module_preset=&#8221;default&#8221; global_colors_info=&#8221;{}&#8221;][et_pb_text _builder_version=&#8221;4.27.4&#8243; _module_preset=&#8221;default&#8221; max_width=&#8221;720px&#8221; global_colors_info=&#8221;{}&#8221;]<\/p>\n<p data-start=\"222\" data-end=\"456\">Bine a\u021bi venit \u00een spa\u021biul dedicat educatorilor. Aici ve\u021bi g\u0103si instrumente, \u00eendrum\u0103ri \u0219i inspira\u021bie care v\u0103 vor ajuta s\u0103 da\u021bi via\u021b\u0103 matematicii prin povestiri, jocuri \u0219i practici de predare incluzive. <\/p>\n<p data-start=\"458\" data-end=\"688\">Fie c\u0103 lucra\u021bi cu elevi care au dificult\u0103\u021bi la citire, sufer\u0103 de anxietate matematic\u0103 sau pur \u0219i simplu au nevoie de o nou\u0103 modalitate de a se conecta cu numerele, Enigmathico ofer\u0103 resurse inovatoare \u0219i interdisciplinare pentru a v\u0103 sprijini \u00een c\u0103l\u0103toria dvs. didactic\u0103.<\/p>\n<p>[\/et_pb_text][\/et_pb_column][\/et_pb_row][et_pb_row column_structure=&#8221;2_3,1_3&#8243; _builder_version=&#8221;4.27.4&#8243; _module_preset=&#8221;default&#8221; custom_padding=&#8221;10px||10px||false|false&#8221; global_colors_info=&#8221;{}&#8221;][et_pb_column type=&#8221;2_3&#8243; _builder_version=&#8221;4.27.4&#8243; _module_preset=&#8221;default&#8221; global_colors_info=&#8221;{}&#8221;][et_pb_text _builder_version=&#8221;4.27.4&#8243; _module_preset=&#8221;default&#8221; max_width=&#8221;720px&#8221; global_colors_info=&#8221;{}&#8221;]<\/p>\n<h3 data-start=\"690\" data-end=\"760\"><strong data-start=\"700\" data-end=\"760\">Descoper\u0103 bune practici \u0219i descarc\u0103 ghidul pedagogic<\/strong><\/h3>\n<p data-start=\"783\" data-end=\"983\">Descoper\u0103 cum educa\u021bia <strong data-start=\"795\" data-end=\"819\">non-formal\u0103<\/strong> poate \u00eembog\u0103\u021bi practica ta de predare a matematicii. Acest ghid ofer\u0103 instrumente concrete \u0219i perspective reflexive pentru a sprijini experien\u021be de \u00eenv\u0103\u021bare incluzive, creative \u0219i captivante. <\/p>\n<p data-start=\"985\" data-end=\"1012\">Este conceput pentru a v\u0103 ajuta s\u0103:<\/p>\n<ul data-start=\"1013\" data-end=\"1370\">\n<li data-start=\"1013\" data-end=\"1084\">\n<p data-start=\"1015\" data-end=\"1084\">Implementa\u021bi pedagogii incluzive adaptate profilurilor diverse ale elevilor<\/p>\n<\/li>\n<li data-start=\"1085\" data-end=\"1157\">\n<p data-start=\"1087\" data-end=\"1157\">Integra\u021bi povestirea \u0219i jocurile \u00een lec\u021biile de matematic\u0103 \u0219i alfabetizare<\/p>\n<\/li>\n<li data-start=\"1158\" data-end=\"1214\">\n<p data-start=\"1217\" data-end=\"1289\">Sprijini\u021bi elevii \u00een dezvoltarea simultan\u0103 a competen\u021belor matematice \u0219i de alfabetizare<\/p>\n<\/li>\n<li data-start=\"1290\" data-end=\"1370\">\n<p data-start=\"1292\" data-end=\"1370\">Extinde\u021bi-v\u0103 setul de instrumente cu alternative creative la instruirea tradi\u021bional\u0103 \u00een matematic\u0103.<\/p>\n<\/li>\n<\/ul>\n<p data-start=\"1372\" data-end=\"1411\">\n<p>[\/et_pb_text][\/et_pb_column][et_pb_column type=&#8221;1_3&#8243; _builder_version=&#8221;4.27.4&#8243; _module_preset=&#8221;default&#8221; global_colors_info=&#8221;{}&#8221;][et_pb_button button_url=&#8221;@ET-DC@eyJkeW5hbWljIjp0cnVlLCJjb250ZW50IjoicG9zdF9saW5rX3VybF9wYWdlIiwic2V0dGluZ3MiOnsicG9zdF9pZCI6IjY5NCJ9fQ==@&#8221; url_new_window=&#8221;on&#8221; button_text=&#8221;Afla\u021bi mai multe&#8221; _builder_version=&#8221;4.27.4&#8243; _dynamic_attributes=&#8221;button_url&#8221; _module_preset=&#8221;633c2758-1d02-463f-aebe-8e5aab1417c0&#8243; locked=&#8221;off&#8221; global_colors_info=&#8221;{}&#8221; hover_enabled=&#8221;0&#8243; sticky_enabled=&#8221;0&#8243;][\/et_pb_button][\/et_pb_column][\/et_pb_row][et_pb_row column_structure=&#8221;2_3,1_3&#8243; _builder_version=&#8221;4.27.4&#8243; _module_preset=&#8221;default&#8221; custom_padding=&#8221;10px||10px||false|false&#8221; global_colors_info=&#8221;{}&#8221;][et_pb_column type=&#8221;2_3&#8243; _builder_version=&#8221;4.27.4&#8243; _module_preset=&#8221;default&#8221; global_colors_info=&#8221;{}&#8221;][et_pb_text _builder_version=&#8221;4.27.4&#8243; _module_preset=&#8221;default&#8221; max_width=&#8221;720px&#8221; global_colors_info=&#8221;{}&#8221;]<\/p>\n<h3 data-start=\"1418\" data-end=\"1461\"><strong data-start=\"1428\" data-end=\"1461\">Explora\u021bi cutiile Enigmathico<\/strong><\/h3>\n<p data-start=\"1463\" data-end=\"1817\">Fiecare cutie Enigmathico include un roman <strong data-start=\"1496\" data-end=\"1524\">interactiv Enigmathico<\/strong>, <strong data-start=\"1526\" data-end=\"1556\">jocuri \u0219i instrumente bazate pe matematic\u0103<\/strong> \u0219i un <strong data-start=\"1564\" data-end=\"1587\">dosar pedagogic<\/strong> pentru a ghida utilizarea \u00een sala de clas\u0103.<br data-start=\"1611\" data-end=\"1614\">Resursele sunt concepute pentru dou\u0103 grupe de v\u00e2rst\u0103 (8-10 ani \u0219i 10-12 ani) \u0219i acoper\u0103 domenii matematice de baz\u0103, numere, m\u0103sur\u0103tori, geometrie, prin provoc\u0103ri interdisciplinare distractive, inspirate din teme din lumea real\u0103.<\/p>\n<p>[\/et_pb_text][\/et_pb_column][et_pb_column type=&#8221;1_3&#8243; _builder_version=&#8221;4.27.4&#8243; _module_preset=&#8221;default&#8221; global_colors_info=&#8221;{}&#8221;][et_pb_button url_new_window=&#8221;on&#8221; button_text=&#8221;\u00cen cur\u00e2nd&#8221; button_alignment=&#8221;center&#8221; _builder_version=&#8221;4.27.4&#8243; _module_preset=&#8221;default&#8221; custom_button=&#8221;on&#8221; button_text_size=&#8221;14px&#8221; button_text_color=&#8221;#F1F2ED&#8221; button_bg_color=&#8221;#161D35&#8243; button_border_radius=&#8221;10px&#8221; button_use_icon=&#8221;off&#8221; custom_padding=&#8221;12px|20px|12px|20px|true|false&#8221; locked=&#8221;off&#8221; global_colors_info=&#8221;{}&#8221;][\/et_pb_button][\/et_pb_column][\/et_pb_row][et_pb_row column_structure=&#8221;2_3,1_3&#8243; _builder_version=&#8221;4.27.4&#8243; _module_preset=&#8221;default&#8221; custom_padding=&#8221;10px||||false|false&#8221; global_colors_info=&#8221;{}&#8221;][et_pb_column type=&#8221;2_3&#8243; _builder_version=&#8221;4.27.4&#8243; _module_preset=&#8221;default&#8221; global_colors_info=&#8221;{}&#8221;][et_pb_text _builder_version=&#8221;4.27.4&#8243; _module_preset=&#8221;default&#8221; max_width=&#8221;720px&#8221; global_colors_info=&#8221;{}&#8221;]<\/p>\n<h3 data-start=\"1863\" data-end=\"1931\"><strong data-start=\"1873\" data-end=\"1931\">Urm\u0103ri\u021bi seminariile noastre web \u0219i desc\u0103rca\u021bi Ghidul de implementare<\/strong><\/h3>\n<p data-start=\"1933\" data-end=\"2099\">L\u0103sa\u021bi-v\u0103 inspira\u021bi de experien\u021be reale din sala de clas\u0103 \u0219i descoperi\u021bi cum al\u021bi educatori folosesc Enigmathico pentru a stimula curiozitatea, colaborarea \u0219i \u00eencrederea elevilor lor.<\/p>\n<p data-start=\"2101\" data-end=\"2161\">Prin seminariile noastre web \u0219i ghidul de implementare, ve\u021bi:<\/p>\n<ul data-start=\"2162\" data-end=\"2433\">\n<li data-start=\"2162\" data-end=\"2229\">\n<p data-start=\"2164\" data-end=\"2229\">Afla cum s\u0103 introduce\u021bi Enigmathico \u00een propriul context de predare.<\/p>\n<\/li>\n<li data-start=\"2230\" data-end=\"2295\">\n<p data-start=\"2232\" data-end=\"2295\">Asculta pove\u0219ti \u0219i strategii de la al\u021bi profesori din Europa.<\/p>\n<\/li>\n<li data-start=\"2296\" data-end=\"2356\">\n<p data-start=\"2298\" data-end=\"2356\">Descoperi primii pa\u0219i practici \u0219i sfaturi testate \u00een sala de clas\u0103.<\/p>\n<\/li>\n<li data-start=\"2357\" data-end=\"2433\">\n<p data-start=\"2359\" data-end=\"2433\">Ob\u021bine idei noi pentru integrarea povestirilor, jocurilor \u0219i pedagogiei incluzive.<\/p>\n<\/li>\n<\/ul>\n<p>[\/et_pb_text][\/et_pb_column][et_pb_column type=&#8221;1_3&#8243; _builder_version=&#8221;4.27.4&#8243; _module_preset=&#8221;default&#8221; global_colors_info=&#8221;{}&#8221;][et_pb_button url_new_window=&#8221;on&#8221; button_text=&#8221;\u00cen cur\u00e2nd&#8221; button_alignment=&#8221;center&#8221; _builder_version=&#8221;4.27.4&#8243; _module_preset=&#8221;default&#8221; custom_button=&#8221;on&#8221; button_text_size=&#8221;14px&#8221; button_text_color=&#8221;#F1F2ED&#8221; button_bg_color=&#8221;#161D35&#8243; button_border_radius=&#8221;10px&#8221; button_use_icon=&#8221;off&#8221; custom_padding=&#8221;12px|20px|12px|20px|true|false&#8221; locked=&#8221;off&#8221; global_colors_info=&#8221;{}&#8221;][\/et_pb_button][\/et_pb_column][\/et_pb_row][\/et_pb_section]<\/p>\n","protected":false},"excerpt":{"rendered":"<p>Bine a\u021bi venit \u00een spa\u021biul dedicat educatorilor. Aici ve\u021bi g\u0103si instrumente, \u00eendrum\u0103ri \u0219i inspira\u021bie care v\u0103 vor ajuta s\u0103 da\u021bi via\u021b\u0103 matematicii prin povestiri, jocuri \u0219i practici de predare incluzive. Fie c\u0103 lucra\u021bi cu elevi care au dificult\u0103\u021bi la citire, sufer\u0103 de anxietate matematic\u0103 sau pur \u0219i simplu au nevoie de o nou\u0103 modalitate de [&hellip;]<\/p>\n","protected":false},"author":1,"featured_media":0,"parent":0,"menu_order":0,"comment_status":"closed","ping_status":"closed","template":"","meta":{"_acf_changed":false,"_et_pb_use_builder":"on","_et_pb_old_content":"","_et_gb_content_width":"","footnotes":""},"class_list":["post-530","page","type-page","status-publish","hentry"],"acf":[],"_links":{"self":[{"href":"https:\/\/enigmathico.eu\/ro\/wp-json\/wp\/v2\/pages\/530","targetHints":{"allow":["GET"]}}],"collection":[{"href":"https:\/\/enigmathico.eu\/ro\/wp-json\/wp\/v2\/pages"}],"about":[{"href":"https:\/\/enigmathico.eu\/ro\/wp-json\/wp\/v2\/types\/page"}],"author":[{"embeddable":true,"href":"https:\/\/enigmathico.eu\/ro\/wp-json\/wp\/v2\/users\/1"}],"replies":[{"embeddable":true,"href":"https:\/\/enigmathico.eu\/ro\/wp-json\/wp\/v2\/comments?post=530"}],"version-history":[{"count":3,"href":"https:\/\/enigmathico.eu\/ro\/wp-json\/wp\/v2\/pages\/530\/revisions"}],"predecessor-version":[{"id":1105,"href":"https:\/\/enigmathico.eu\/ro\/wp-json\/wp\/v2\/pages\/530\/revisions\/1105"}],"wp:attachment":[{"href":"https:\/\/enigmathico.eu\/ro\/wp-json\/wp\/v2\/media?parent=530"}],"curies":[{"name":"wp","href":"https:\/\/api.w.org\/{rel}","templated":true}]}}